{"id":86986,"date":"2025-11-12T02:07:16","date_gmt":"2025-11-12T01:07:16","guid":{"rendered":"https:\/\/www.ernstbrunn-apotheke.at\/katalog\/produkt\/apo-hepat-spag-peka-globuli-10-g-globuli\/"},"modified":"2025-12-08T19:59:13","modified_gmt":"2025-12-08T18:59:13","slug":"apo-hepat-spag-peka-globuli-10-g-globuli","status":"publish","type":"product","link":"https:\/\/www.ernstbrunn-apotheke.at\/katalog\/produkt\/apo-hepat-spag-peka-globuli-10-g-globuli\/","title":{"rendered":"Apo-HEPAT Spag.Peka Globuli 10 g Globuli"},"content":{"rendered":"<p>Apo-HEPAT Spag.Peka Globuli dienen zur unterst\u00fctzenden Behandlung von Galle- und Leberbeschwerden mit Verdauungsst\u00f6rungen, Bl\u00e4hungen und Organkr\u00e4mpfen.<\/p>\n","protected":false},"excerpt":{"rendered":"<p>Apo-HEPAT Spag.Peka Globuli dienen zur unterst\u00fctzenden Behandlung von Galle- und Leberbeschwerden mit Verdauungsst\u00f6rungen, Bl\u00e4hungen und Organkr\u00e4mpfen.<\/p>\n","protected":false},"featured_media":86988,"template":"","meta":{"_acf_changed":false},"product_brand":[],"product_cat":[801],"product_tag":[],"class_list":{"0":"post-86986","1":"product","2":"type-product","3":"status-publish","4":"has-post-thumbnail","6":"product_cat-a","7":"pa_packungsgroesse-10g","9":"first","10":"instock","11":"shipping-taxable","12":"purchasable","13":"product-type-simple"},"acf":[],"_links":{"self":[{"href":"https:\/\/www.ernstbrunn-apotheke.at\/katalog\/wp-json\/wp\/v2\/product\/86986","targetHints":{"allow":["GET"]}}],"collection":[{"href":"https:\/\/www.ernstbrunn-apotheke.at\/katalog\/wp-json\/wp\/v2\/product"}],"about":[{"href":"https:\/\/www.ernstbrunn-apotheke.at\/katalog\/wp-json\/wp\/v2\/types\/product"}],"wp:featuredmedia":[{"embeddable":true,"href":"https:\/\/www.ernstbrunn-apotheke.at\/katalog\/wp-json\/wp\/v2\/media\/86988"}],"wp:attachment":[{"href":"https:\/\/www.ernstbrunn-apotheke.at\/katalog\/wp-json\/wp\/v2\/media?parent=86986"}],"wp:term":[{"taxonomy":"product_brand","embeddable":true,"href":"https:\/\/www.ernstbrunn-apotheke.at\/katalog\/wp-json\/wp\/v2\/product_brand?post=86986"},{"taxonomy":"product_cat","embeddable":true,"href":"https:\/\/www.ernstbrunn-apotheke.at\/katalog\/wp-json\/wp\/v2\/product_cat?post=86986"},{"taxonomy":"product_tag","embeddable":true,"href":"https:\/\/www.ernstbrunn-apotheke.at\/katalog\/wp-json\/wp\/v2\/product_tag?post=86986"}],"curies":[{"name":"wp","href":"https:\/\/api.w.org\/{rel}","templated":true}]}}