{"id":86984,"date":"2025-11-12T02:07:16","date_gmt":"2025-11-12T01:07:16","guid":{"rendered":"https:\/\/www.ernstbrunn-apotheke.at\/katalog\/produkt\/ren-atlantic-kelp-magnesium-anti-fatigue-body-wash-300-ml\/"},"modified":"2025-12-08T19:59:12","modified_gmt":"2025-12-08T18:59:12","slug":"ren-atlantic-kelp-magnesium-anti-fatigue-body-wash-300-ml","status":"publish","type":"product","link":"https:\/\/www.ernstbrunn-apotheke.at\/katalog\/produkt\/ren-atlantic-kelp-magnesium-anti-fatigue-body-wash-300-ml\/","title":{"rendered":"Ren Atlantic Kelp Magnesium Anti-Fatigue Body Wash 300 ml"},"content":{"rendered":"<p>Ein sulfatfreier, wiederbelebender K\u00f6rperreiniger, der mit Atlantic Kelp Extract formuliert ist und Magnesium PCA mit feuchtigkeitsspendenden Eigenschaften versorgt, pflegt, gl\u00e4ttet und strafft die Haut. Mit unserer exklusiven Mischung aus \u00e4therischen \u00d6len gegen M\u00fcdigkeit wird die tr\u00e4ge Haut und Ihre Sinne geweckt und erfrischt, um ein ultimatives, erhebendes Duscherlebnis zu erzielen. Wir haben uns mit dem innovativen Recyclingunternehmen TerraCycle zusammengetan, um eine 100% recycelte Plastikflasche herzustellen, die 20% recycelten Ozeankunststoff enth\u00e4lt. Recycelter Kunststoff ist nicht so klar wie reiner (erstmaliger) Kunststoff &#8211; deshalb hat unsere Flasche einen grauen Farbton. K\u00e4mpfen Sie mit uns f\u00fcr sauberere Str\u00e4nde, Ozeane und einen ges\u00fcnderen Planeten!<\/p>\n","protected":false},"excerpt":{"rendered":"<p>Ein sulfatfreier, wiederbelebender K\u00f6rperreiniger, der mit Atlantic Kelp Extract formuliert ist und Magnesium PCA mit feuchtigkeitsspendenden Eigenschaften versorgt, pflegt, gl\u00e4ttet und strafft die Haut. Mit unserer exklusiven Mischung aus \u00e4therischen \u00d6len gegen M\u00fcdigkeit wird die tr\u00e4ge Haut und Ihre Sinne geweckt und erfrischt, um ein ultimatives, erhebendes Duscherlebnis zu erzielen. Wir haben uns mit dem [&hellip;]<\/p>\n","protected":false},"featured_media":0,"template":"","meta":{"_acf_changed":false},"product_brand":[],"product_cat":[808],"product_tag":[],"class_list":{"0":"post-86984","1":"product","2":"type-product","3":"status-publish","5":"product_cat-r","6":"pa_packungsgroesse-300ml","8":"first","9":"instock","10":"shipping-taxable","11":"purchasable","12":"product-type-simple"},"acf":[],"_links":{"self":[{"href":"https:\/\/www.ernstbrunn-apotheke.at\/katalog\/wp-json\/wp\/v2\/product\/86984","targetHints":{"allow":["GET"]}}],"collection":[{"href":"https:\/\/www.ernstbrunn-apotheke.at\/katalog\/wp-json\/wp\/v2\/product"}],"about":[{"href":"https:\/\/www.ernstbrunn-apotheke.at\/katalog\/wp-json\/wp\/v2\/types\/product"}],"wp:attachment":[{"href":"https:\/\/www.ernstbrunn-apotheke.at\/katalog\/wp-json\/wp\/v2\/media?parent=86984"}],"wp:term":[{"taxonomy":"product_brand","embeddable":true,"href":"https:\/\/www.ernstbrunn-apotheke.at\/katalog\/wp-json\/wp\/v2\/product_brand?post=86984"},{"taxonomy":"product_cat","embeddable":true,"href":"https:\/\/www.ernstbrunn-apotheke.at\/katalog\/wp-json\/wp\/v2\/product_cat?post=86984"},{"taxonomy":"product_tag","embeddable":true,"href":"https:\/\/www.ernstbrunn-apotheke.at\/katalog\/wp-json\/wp\/v2\/product_tag?post=86984"}],"curies":[{"name":"wp","href":"https:\/\/api.w.org\/{rel}","templated":true}]}}