{"id":86918,"date":"2025-11-12T02:06:05","date_gmt":"2025-11-12T01:06:05","guid":{"rendered":"https:\/\/www.ernstbrunn-apotheke.at\/katalog\/produkt\/neutrogena-hydro-boost-augencremegel-15-ml\/"},"modified":"2025-12-08T19:58:42","modified_gmt":"2025-12-08T18:58:42","slug":"neutrogena-hydro-boost-augencremegel-15-ml","status":"publish","type":"product","link":"https:\/\/www.ernstbrunn-apotheke.at\/katalog\/produkt\/neutrogena-hydro-boost-augencremegel-15-ml\/","title":{"rendered":"Neutrogena Hydro Boost Augencremegel 15 ml"},"content":{"rendered":"<p>Das Neutrogena Hydro Boost Augencremegel gilt als eine erfrischende 3-in-1 Pflege und hilft durch seine belebend wirkende Zusammensetzung den Tag mit einem absoluten Frischekick zu starten. Es st\u00e4rkt die nat\u00fcrliche Hautschutzbarriere, spendet intensiv und langanhaltend Feuchtigkeit und ist durch den Hyaluron-Gel-Komplex auch die ideale Grundlage f\u00fcr Make-Up. Das parf\u00fcmfreie Gel ist augen\u00e4rztlich getestet und auch f\u00fcr sensible Haut bestens geeignet.<\/p>\n","protected":false},"excerpt":{"rendered":"<p>Das Neutrogena Hydro Boost Augencremegel gilt als eine erfrischende 3-in-1 Pflege und hilft durch seine belebend wirkende Zusammensetzung den Tag mit einem absoluten Frischekick zu starten. Es st\u00e4rkt die nat\u00fcrliche Hautschutzbarriere, spendet intensiv und langanhaltend Feuchtigkeit und ist durch den Hyaluron-Gel-Komplex auch die ideale Grundlage f\u00fcr Make-Up. Das parf\u00fcmfreie Gel ist augen\u00e4rztlich getestet und auch [&hellip;]<\/p>\n","protected":false},"featured_media":86920,"template":"","meta":{"_acf_changed":false},"product_brand":[745],"product_cat":[797],"product_tag":[],"class_list":{"0":"post-86918","1":"product","2":"type-product","3":"status-publish","4":"has-post-thumbnail","6":"product_brand-neutrogena","7":"product_cat-n","8":"pa_packungsgroesse-15ml","10":"first","11":"instock","12":"shipping-taxable","13":"purchasable","14":"product-type-simple"},"acf":[],"_links":{"self":[{"href":"https:\/\/www.ernstbrunn-apotheke.at\/katalog\/wp-json\/wp\/v2\/product\/86918","targetHints":{"allow":["GET"]}}],"collection":[{"href":"https:\/\/www.ernstbrunn-apotheke.at\/katalog\/wp-json\/wp\/v2\/product"}],"about":[{"href":"https:\/\/www.ernstbrunn-apotheke.at\/katalog\/wp-json\/wp\/v2\/types\/product"}],"wp:featuredmedia":[{"embeddable":true,"href":"https:\/\/www.ernstbrunn-apotheke.at\/katalog\/wp-json\/wp\/v2\/media\/86920"}],"wp:attachment":[{"href":"https:\/\/www.ernstbrunn-apotheke.at\/katalog\/wp-json\/wp\/v2\/media?parent=86918"}],"wp:term":[{"taxonomy":"product_brand","embeddable":true,"href":"https:\/\/www.ernstbrunn-apotheke.at\/katalog\/wp-json\/wp\/v2\/product_brand?post=86918"},{"taxonomy":"product_cat","embeddable":true,"href":"https:\/\/www.ernstbrunn-apotheke.at\/katalog\/wp-json\/wp\/v2\/product_cat?post=86918"},{"taxonomy":"product_tag","embeddable":true,"href":"https:\/\/www.ernstbrunn-apotheke.at\/katalog\/wp-json\/wp\/v2\/product_tag?post=86918"}],"curies":[{"name":"wp","href":"https:\/\/api.w.org\/{rel}","templated":true}]}}