{"id":86859,"date":"2025-11-12T02:04:58","date_gmt":"2025-11-12T01:04:58","guid":{"rendered":"https:\/\/www.ernstbrunn-apotheke.at\/katalog\/produkt\/schafgarben-350mg-kapseln-2\/"},"modified":"2025-12-08T19:58:14","modified_gmt":"2025-12-08T18:58:14","slug":"schafgarben-350mg-kapseln-2","status":"publish","type":"product","link":"https:\/\/www.ernstbrunn-apotheke.at\/katalog\/produkt\/schafgarben-350mg-kapseln-2\/","title":{"rendered":"Schafgarben 350mg Kapseln"},"content":{"rendered":"<p>Gall Pharma Schafgarben 350 mg Kapseln 180 Stk. enthalten 350 mg eines Trockenextrakts aus den Bl\u00e4ttern und Bl\u00fcten der Schafgarbe in einer Hartgelatinekapsel. Das Schafgarbenkraut zeigt einen g\u00fcnstigen Einfluss bei leichten, krampfartigen Beschwerden der Verdauungsorgane (Entz\u00fcndungen, Durchf\u00e4lle, Bl\u00e4hungen, Kr\u00e4mpfe) und eignet sich zur Anregung von Magen- und Gallensaft und somit des Appetits.<\/p>\n","protected":false},"excerpt":{"rendered":"<p>Gall Pharma Schafgarben 350 mg Kapseln 180 Stk. enthalten 350 mg eines Trockenextrakts aus den Bl\u00e4ttern und Bl\u00fcten der Schafgarbe in einer Hartgelatinekapsel. Das Schafgarbenkraut zeigt einen g\u00fcnstigen Einfluss bei leichten, krampfartigen Beschwerden der Verdauungsorgane (Entz\u00fcndungen, Durchf\u00e4lle, Bl\u00e4hungen, Kr\u00e4mpfe) und eignet sich zur Anregung von Magen- und Gallensaft und somit des Appetits.<\/p>\n","protected":false},"featured_media":86861,"template":"","meta":{"_acf_changed":false},"product_brand":[371],"product_cat":[791],"product_tag":[],"class_list":{"0":"post-86859","1":"product","2":"type-product","3":"status-publish","4":"has-post-thumbnail","6":"product_brand-gall-pharma","7":"product_cat-s","8":"pa_packungsgroesse-180-stueck","10":"first","11":"instock","12":"shipping-taxable","13":"purchasable","14":"product-type-simple"},"acf":[],"_links":{"self":[{"href":"https:\/\/www.ernstbrunn-apotheke.at\/katalog\/wp-json\/wp\/v2\/product\/86859","targetHints":{"allow":["GET"]}}],"collection":[{"href":"https:\/\/www.ernstbrunn-apotheke.at\/katalog\/wp-json\/wp\/v2\/product"}],"about":[{"href":"https:\/\/www.ernstbrunn-apotheke.at\/katalog\/wp-json\/wp\/v2\/types\/product"}],"wp:featuredmedia":[{"embeddable":true,"href":"https:\/\/www.ernstbrunn-apotheke.at\/katalog\/wp-json\/wp\/v2\/media\/86861"}],"wp:attachment":[{"href":"https:\/\/www.ernstbrunn-apotheke.at\/katalog\/wp-json\/wp\/v2\/media?parent=86859"}],"wp:term":[{"taxonomy":"product_brand","embeddable":true,"href":"https:\/\/www.ernstbrunn-apotheke.at\/katalog\/wp-json\/wp\/v2\/product_brand?post=86859"},{"taxonomy":"product_cat","embeddable":true,"href":"https:\/\/www.ernstbrunn-apotheke.at\/katalog\/wp-json\/wp\/v2\/product_cat?post=86859"},{"taxonomy":"product_tag","embeddable":true,"href":"https:\/\/www.ernstbrunn-apotheke.at\/katalog\/wp-json\/wp\/v2\/product_tag?post=86859"}],"curies":[{"name":"wp","href":"https:\/\/api.w.org\/{rel}","templated":true}]}}