{"id":86825,"date":"2025-11-12T02:04:23","date_gmt":"2025-11-12T01:04:23","guid":{"rendered":"https:\/\/www.ernstbrunn-apotheke.at\/katalog\/produkt\/madara-sos-hydra-moisture-and-radiance-maske-60-ml\/"},"modified":"2025-12-08T19:57:59","modified_gmt":"2025-12-08T18:57:59","slug":"madara-sos-hydra-moisture-and-radiance-maske-60-ml","status":"publish","type":"product","link":"https:\/\/www.ernstbrunn-apotheke.at\/katalog\/produkt\/madara-sos-hydra-moisture-and-radiance-maske-60-ml\/","title":{"rendered":"Madara SOS Hydra Moisture and Radiance Maske 60 ml"},"content":{"rendered":"<p>Madara SOS Hydra Moisture and Radiance Maske reduziert die Austrocknung der Haut und beugt dieser effektiv vor. Ihre Haut wird sich nach der Anwendung samtweich und geschmeidig anf\u00fchlen! Gl\u00e4ttende Hyalurons\u00e4ure, eine Mischung aus nordischer Pfingstrose, Nesseln und Leinsamen, die eine ideale Anti-Aging-Wirkung haben, und feuchtigkeitsspendender Zucker bilden die optimale Grundlage der Maske. Genie\u00dfen Sie die Tiefenwirksamkeit der Maske und tauchen Sie ein in die Welt der Entspannung und Ruhe! Jetzt Produkte von Madara mit hohem Rabatt bestellen!<\/p>\n","protected":false},"excerpt":{"rendered":"<p>Madara SOS Hydra Moisture and Radiance Maske reduziert die Austrocknung der Haut und beugt dieser effektiv vor. Ihre Haut wird sich nach der Anwendung samtweich und geschmeidig anf\u00fchlen! Gl\u00e4ttende Hyalurons\u00e4ure, eine Mischung aus nordischer Pfingstrose, Nesseln und Leinsamen, die eine ideale Anti-Aging-Wirkung haben, und feuchtigkeitsspendender Zucker bilden die optimale Grundlage der Maske. Genie\u00dfen Sie die [&hellip;]<\/p>\n","protected":false},"featured_media":86827,"template":"","meta":{"_acf_changed":false},"product_brand":[1253],"product_cat":[800],"product_tag":[],"class_list":{"0":"post-86825","1":"product","2":"type-product","3":"status-publish","4":"has-post-thumbnail","6":"product_brand-madara","7":"product_cat-m","8":"pa_packungsgroesse-60ml","10":"first","11":"instock","12":"shipping-taxable","13":"purchasable","14":"product-type-simple"},"acf":[],"_links":{"self":[{"href":"https:\/\/www.ernstbrunn-apotheke.at\/katalog\/wp-json\/wp\/v2\/product\/86825","targetHints":{"allow":["GET"]}}],"collection":[{"href":"https:\/\/www.ernstbrunn-apotheke.at\/katalog\/wp-json\/wp\/v2\/product"}],"about":[{"href":"https:\/\/www.ernstbrunn-apotheke.at\/katalog\/wp-json\/wp\/v2\/types\/product"}],"wp:featuredmedia":[{"embeddable":true,"href":"https:\/\/www.ernstbrunn-apotheke.at\/katalog\/wp-json\/wp\/v2\/media\/86827"}],"wp:attachment":[{"href":"https:\/\/www.ernstbrunn-apotheke.at\/katalog\/wp-json\/wp\/v2\/media?parent=86825"}],"wp:term":[{"taxonomy":"product_brand","embeddable":true,"href":"https:\/\/www.ernstbrunn-apotheke.at\/katalog\/wp-json\/wp\/v2\/product_brand?post=86825"},{"taxonomy":"product_cat","embeddable":true,"href":"https:\/\/www.ernstbrunn-apotheke.at\/katalog\/wp-json\/wp\/v2\/product_cat?post=86825"},{"taxonomy":"product_tag","embeddable":true,"href":"https:\/\/www.ernstbrunn-apotheke.at\/katalog\/wp-json\/wp\/v2\/product_tag?post=86825"}],"curies":[{"name":"wp","href":"https:\/\/api.w.org\/{rel}","templated":true}]}}