{"id":86789,"date":"2025-11-12T02:03:48","date_gmt":"2025-11-12T01:03:48","guid":{"rendered":"https:\/\/www.ernstbrunn-apotheke.at\/katalog\/produkt\/lysoform-ahd-2000-h-h-1-l\/"},"modified":"2025-12-08T19:57:39","modified_gmt":"2025-12-08T18:57:39","slug":"lysoform-ahd-2000-h-h-1-l","status":"publish","type":"product","link":"https:\/\/www.ernstbrunn-apotheke.at\/katalog\/produkt\/lysoform-ahd-2000-h-h-1-l\/","title":{"rendered":"Lysoform AHD 2000 H\/h 1 L"},"content":{"rendered":"<p>Lysoform AHD 2000 H\/h wird zur Desinfektion von unverletzter Haut und den H\u00e4nden eingesetzt und hat ein breites Wirkungsspektrum gegen Bakterien, Pilze oder Viren. Die L\u00f6sung ist auch bei h\u00e4ufiger Anwendung gut hautvertr\u00e4glich.Dieses Produkt erhalten Sie in den Packungsgr\u00f6\u00dfen 125 ml, 500 ml und 1 l.<\/p>\n","protected":false},"excerpt":{"rendered":"<p>Lysoform AHD 2000 H\/h wird zur Desinfektion von unverletzter Haut und den H\u00e4nden eingesetzt und hat ein breites Wirkungsspektrum gegen Bakterien, Pilze oder Viren. Die L\u00f6sung ist auch bei h\u00e4ufiger Anwendung gut hautvertr\u00e4glich.Dieses Produkt erhalten Sie in den Packungsgr\u00f6\u00dfen 125 ml, 500 ml und 1 l.<\/p>\n","protected":false},"featured_media":86791,"template":"","meta":{"_acf_changed":false},"product_brand":[],"product_cat":[795],"product_tag":[],"class_list":{"0":"post-86789","1":"product","2":"type-product","3":"status-publish","4":"has-post-thumbnail","6":"product_cat-l","7":"pa_packungsgroesse-1l","9":"first","10":"instock","11":"shipping-taxable","12":"purchasable","13":"product-type-simple"},"acf":[],"_links":{"self":[{"href":"https:\/\/www.ernstbrunn-apotheke.at\/katalog\/wp-json\/wp\/v2\/product\/86789","targetHints":{"allow":["GET"]}}],"collection":[{"href":"https:\/\/www.ernstbrunn-apotheke.at\/katalog\/wp-json\/wp\/v2\/product"}],"about":[{"href":"https:\/\/www.ernstbrunn-apotheke.at\/katalog\/wp-json\/wp\/v2\/types\/product"}],"wp:featuredmedia":[{"embeddable":true,"href":"https:\/\/www.ernstbrunn-apotheke.at\/katalog\/wp-json\/wp\/v2\/media\/86791"}],"wp:attachment":[{"href":"https:\/\/www.ernstbrunn-apotheke.at\/katalog\/wp-json\/wp\/v2\/media?parent=86789"}],"wp:term":[{"taxonomy":"product_brand","embeddable":true,"href":"https:\/\/www.ernstbrunn-apotheke.at\/katalog\/wp-json\/wp\/v2\/product_brand?post=86789"},{"taxonomy":"product_cat","embeddable":true,"href":"https:\/\/www.ernstbrunn-apotheke.at\/katalog\/wp-json\/wp\/v2\/product_cat?post=86789"},{"taxonomy":"product_tag","embeddable":true,"href":"https:\/\/www.ernstbrunn-apotheke.at\/katalog\/wp-json\/wp\/v2\/product_tag?post=86789"}],"curies":[{"name":"wp","href":"https:\/\/api.w.org\/{rel}","templated":true}]}}