{"id":86728,"date":"2025-11-12T02:01:57","date_gmt":"2025-11-12T01:01:57","guid":{"rendered":"https:\/\/www.ernstbrunn-apotheke.at\/katalog\/produkt\/australische-buschbluetenessenz-spinifex-15-ml\/"},"modified":"2025-12-08T19:57:20","modified_gmt":"2025-12-08T18:57:20","slug":"australische-buschbluetenessenz-spinifex-15-ml","status":"publish","type":"product","link":"https:\/\/www.ernstbrunn-apotheke.at\/katalog\/produkt\/australische-buschbluetenessenz-spinifex-15-ml\/","title":{"rendered":"Australische Buschbl\u00fctenessenz Spinifex 15 ml"},"content":{"rendered":"<p>Australische Buschbl\u00fctenessenz Spinifex wirkt hilfreich bei allen Lebewesen, die sich als Opfer von Krankheiten f\u00fchlen und meinen, keine Kontrolle \u00fcber ihre Gesundheit zu haben, vor allem bei chronischem oder langwirigem Verlauf.<\/p>\n","protected":false},"excerpt":{"rendered":"<p>Australische Buschbl\u00fctenessenz Spinifex wirkt hilfreich bei allen Lebewesen, die sich als Opfer von Krankheiten f\u00fchlen und meinen, keine Kontrolle \u00fcber ihre Gesundheit zu haben, vor allem bei chronischem oder langwirigem Verlauf.<\/p>\n","protected":false},"featured_media":0,"template":"","meta":{"_acf_changed":false},"product_brand":[930],"product_cat":[801],"product_tag":[],"class_list":{"0":"post-86728","1":"product","2":"type-product","3":"status-publish","5":"product_brand-australische-buschblueten","6":"product_cat-a","7":"pa_packungsgroesse-15ml","9":"first","10":"instock","11":"shipping-taxable","12":"purchasable","13":"product-type-simple"},"acf":[],"_links":{"self":[{"href":"https:\/\/www.ernstbrunn-apotheke.at\/katalog\/wp-json\/wp\/v2\/product\/86728","targetHints":{"allow":["GET"]}}],"collection":[{"href":"https:\/\/www.ernstbrunn-apotheke.at\/katalog\/wp-json\/wp\/v2\/product"}],"about":[{"href":"https:\/\/www.ernstbrunn-apotheke.at\/katalog\/wp-json\/wp\/v2\/types\/product"}],"wp:attachment":[{"href":"https:\/\/www.ernstbrunn-apotheke.at\/katalog\/wp-json\/wp\/v2\/media?parent=86728"}],"wp:term":[{"taxonomy":"product_brand","embeddable":true,"href":"https:\/\/www.ernstbrunn-apotheke.at\/katalog\/wp-json\/wp\/v2\/product_brand?post=86728"},{"taxonomy":"product_cat","embeddable":true,"href":"https:\/\/www.ernstbrunn-apotheke.at\/katalog\/wp-json\/wp\/v2\/product_cat?post=86728"},{"taxonomy":"product_tag","embeddable":true,"href":"https:\/\/www.ernstbrunn-apotheke.at\/katalog\/wp-json\/wp\/v2\/product_tag?post=86728"}],"curies":[{"name":"wp","href":"https:\/\/api.w.org\/{rel}","templated":true}]}}