{"id":86658,"date":"2025-11-12T02:00:54","date_gmt":"2025-11-12T01:00:54","guid":{"rendered":"https:\/\/www.ernstbrunn-apotheke.at\/katalog\/produkt\/adler-bachblueten-pine-tropfen-30-ml\/"},"modified":"2025-12-08T19:56:47","modified_gmt":"2025-12-08T18:56:47","slug":"adler-bachblueten-pine-tropfen-30-ml","status":"publish","type":"product","link":"https:\/\/www.ernstbrunn-apotheke.at\/katalog\/produkt\/adler-bachblueten-pine-tropfen-30-ml\/","title":{"rendered":"Adler Bachbl\u00fcten Pine Tropfen 30 ml"},"content":{"rendered":"<p>Adler Bachbl\u00fcten Pine Tropfen 30 ml sind Teil der &#8222;Zweiten Neunzehn&#8220; Bachbl\u00fctenessenzen, die mit Gem\u00fctszust\u00e4nden verwandt sind und sich auf allt\u00e4gliche Situationen beziehen. Pine Tropfen eignen sich f\u00fcr Menschen, die unter Schuldgef\u00fchlen und schlechtem Gewissen leiden und k\u00f6nnen gegen Gewissensbisse, Pingeligkeit und Skrupeln unterst\u00fctzend wirken.<\/p>\n","protected":false},"excerpt":{"rendered":"<p>Adler Bachbl\u00fcten Pine Tropfen 30 ml sind Teil der &#8222;Zweiten Neunzehn&#8220; Bachbl\u00fctenessenzen, die mit Gem\u00fctszust\u00e4nden verwandt sind und sich auf allt\u00e4gliche Situationen beziehen. Pine Tropfen eignen sich f\u00fcr Menschen, die unter Schuldgef\u00fchlen und schlechtem Gewissen leiden und k\u00f6nnen gegen Gewissensbisse, Pingeligkeit und Skrupeln unterst\u00fctzend wirken.<\/p>\n","protected":false},"featured_media":86660,"template":"","meta":{"_acf_changed":false},"product_brand":[928],"product_cat":[801],"product_tag":[],"class_list":{"0":"post-86658","1":"product","2":"type-product","3":"status-publish","4":"has-post-thumbnail","6":"product_brand-adler-pharma","7":"product_cat-a","8":"pa_packungsgroesse-30ml","10":"first","11":"instock","12":"shipping-taxable","13":"purchasable","14":"product-type-simple"},"acf":[],"_links":{"self":[{"href":"https:\/\/www.ernstbrunn-apotheke.at\/katalog\/wp-json\/wp\/v2\/product\/86658","targetHints":{"allow":["GET"]}}],"collection":[{"href":"https:\/\/www.ernstbrunn-apotheke.at\/katalog\/wp-json\/wp\/v2\/product"}],"about":[{"href":"https:\/\/www.ernstbrunn-apotheke.at\/katalog\/wp-json\/wp\/v2\/types\/product"}],"wp:featuredmedia":[{"embeddable":true,"href":"https:\/\/www.ernstbrunn-apotheke.at\/katalog\/wp-json\/wp\/v2\/media\/86660"}],"wp:attachment":[{"href":"https:\/\/www.ernstbrunn-apotheke.at\/katalog\/wp-json\/wp\/v2\/media?parent=86658"}],"wp:term":[{"taxonomy":"product_brand","embeddable":true,"href":"https:\/\/www.ernstbrunn-apotheke.at\/katalog\/wp-json\/wp\/v2\/product_brand?post=86658"},{"taxonomy":"product_cat","embeddable":true,"href":"https:\/\/www.ernstbrunn-apotheke.at\/katalog\/wp-json\/wp\/v2\/product_cat?post=86658"},{"taxonomy":"product_tag","embeddable":true,"href":"https:\/\/www.ernstbrunn-apotheke.at\/katalog\/wp-json\/wp\/v2\/product_tag?post=86658"}],"curies":[{"name":"wp","href":"https:\/\/api.w.org\/{rel}","templated":true}]}}