{"id":86535,"date":"2025-11-12T01:58:25","date_gmt":"2025-11-12T00:58:25","guid":{"rendered":"https:\/\/www.ernstbrunn-apotheke.at\/katalog\/produkt\/multinova-reishi-extrakt-kapseln-240-stk-bio\/"},"modified":"2025-12-08T19:55:52","modified_gmt":"2025-12-08T18:55:52","slug":"multinova-reishi-extrakt-kapseln-240-stk-bio","status":"publish","type":"product","link":"https:\/\/www.ernstbrunn-apotheke.at\/katalog\/produkt\/multinova-reishi-extrakt-kapseln-240-stk-bio\/","title":{"rendered":"Multinova Reishi Extrakt Kapseln 240 Stk. BIO"},"content":{"rendered":"<p>Multinova Reishi Extrakt Kapseln sind die K\u00f6nige unter den Vitalpilz Kapseln. Schon seit tausenden von Jahren wird der Reishi Pilz von den Chinesen aufgrund seiner Vielzahl an Polysacchariden gesch\u00e4tzt. Er wirkt unter anderem entz\u00fcndungshemmend und st\u00e4rkt das Immunsystem. Das Produkt enth\u00e4lt teilweise biologische Inhaltsstoffe.<\/p>\n","protected":false},"excerpt":{"rendered":"<p>Multinova Reishi Extrakt Kapseln sind die K\u00f6nige unter den Vitalpilz Kapseln. Schon seit tausenden von Jahren wird der Reishi Pilz von den Chinesen aufgrund seiner Vielzahl an Polysacchariden gesch\u00e4tzt. Er wirkt unter anderem entz\u00fcndungshemmend und st\u00e4rkt das Immunsystem. Das Produkt enth\u00e4lt teilweise biologische Inhaltsstoffe.<\/p>\n","protected":false},"featured_media":0,"template":"","meta":{"_acf_changed":false},"product_brand":[],"product_cat":[800],"product_tag":[],"class_list":{"0":"post-86535","1":"product","2":"type-product","3":"status-publish","5":"product_cat-m","6":"pa_packungsgroesse-240-stueck","8":"first","9":"instock","10":"shipping-taxable","11":"purchasable","12":"product-type-simple"},"acf":[],"_links":{"self":[{"href":"https:\/\/www.ernstbrunn-apotheke.at\/katalog\/wp-json\/wp\/v2\/product\/86535","targetHints":{"allow":["GET"]}}],"collection":[{"href":"https:\/\/www.ernstbrunn-apotheke.at\/katalog\/wp-json\/wp\/v2\/product"}],"about":[{"href":"https:\/\/www.ernstbrunn-apotheke.at\/katalog\/wp-json\/wp\/v2\/types\/product"}],"wp:attachment":[{"href":"https:\/\/www.ernstbrunn-apotheke.at\/katalog\/wp-json\/wp\/v2\/media?parent=86535"}],"wp:term":[{"taxonomy":"product_brand","embeddable":true,"href":"https:\/\/www.ernstbrunn-apotheke.at\/katalog\/wp-json\/wp\/v2\/product_brand?post=86535"},{"taxonomy":"product_cat","embeddable":true,"href":"https:\/\/www.ernstbrunn-apotheke.at\/katalog\/wp-json\/wp\/v2\/product_cat?post=86535"},{"taxonomy":"product_tag","embeddable":true,"href":"https:\/\/www.ernstbrunn-apotheke.at\/katalog\/wp-json\/wp\/v2\/product_tag?post=86535"}],"curies":[{"name":"wp","href":"https:\/\/api.w.org\/{rel}","templated":true}]}}