{"id":86490,"date":"2025-11-12T01:57:36","date_gmt":"2025-11-12T00:57:36","guid":{"rendered":"https:\/\/www.ernstbrunn-apotheke.at\/katalog\/produkt\/insect-out-ungeziefernebel\/"},"modified":"2025-12-08T19:55:31","modified_gmt":"2025-12-08T18:55:31","slug":"insect-out-ungeziefernebel","status":"publish","type":"product","link":"https:\/\/www.ernstbrunn-apotheke.at\/katalog\/produkt\/insect-out-ungeziefernebel\/","title":{"rendered":"Insect Out Ungeziefernebel"},"content":{"rendered":"<p>Beihartn\u00e4ckigem und gro\u00dffl\u00e4chigem Insektenbefall von Innenr\u00e4umen wird je nachRaumgr\u00f6\u00dfe der Ungeziefernebel angewendet. Je nach Ungeziefer variiert dieWirkung einer Dose f\u00fcr Raumgr\u00f6\u00dfen bis zu 300m\u00b3. Nach Entriegelung einer Dosemuss der Raum verlassen werden. Einwirkzeit am besten \u00fcber Nacht, nachausreichendem L\u00fcften k\u00f6nnen die R\u00e4ume wieder benutzt werden. Auch f\u00fcrLebensmittelbetriebe geeignet. Wiederbehandlung nach 4 bis 6 Wochen wirdempfohlen, um nachschl\u00fcpfende Brut zu vernichten.<\/p>\n","protected":false},"excerpt":{"rendered":"<p>Beihartn\u00e4ckigem und gro\u00dffl\u00e4chigem Insektenbefall von Innenr\u00e4umen wird je nachRaumgr\u00f6\u00dfe der Ungeziefernebel angewendet. Je nach Ungeziefer variiert dieWirkung einer Dose f\u00fcr Raumgr\u00f6\u00dfen bis zu 300m\u00b3. Nach Entriegelung einer Dosemuss der Raum verlassen werden. Einwirkzeit am besten \u00fcber Nacht, nachausreichendem L\u00fcften k\u00f6nnen die R\u00e4ume wieder benutzt werden. Auch f\u00fcrLebensmittelbetriebe geeignet. Wiederbehandlung nach 4 bis 6 Wochen wirdempfohlen, [&hellip;]<\/p>\n","protected":false},"featured_media":86492,"template":"","meta":{"_acf_changed":false},"product_brand":[],"product_cat":[823],"product_tag":[],"class_list":{"0":"post-86490","1":"product","2":"type-product","3":"status-publish","4":"has-post-thumbnail","6":"product_cat-i","7":"pa_packungsgroesse-150ml","9":"first","10":"instock","11":"shipping-taxable","12":"purchasable","13":"product-type-simple"},"acf":[],"_links":{"self":[{"href":"https:\/\/www.ernstbrunn-apotheke.at\/katalog\/wp-json\/wp\/v2\/product\/86490","targetHints":{"allow":["GET"]}}],"collection":[{"href":"https:\/\/www.ernstbrunn-apotheke.at\/katalog\/wp-json\/wp\/v2\/product"}],"about":[{"href":"https:\/\/www.ernstbrunn-apotheke.at\/katalog\/wp-json\/wp\/v2\/types\/product"}],"wp:featuredmedia":[{"embeddable":true,"href":"https:\/\/www.ernstbrunn-apotheke.at\/katalog\/wp-json\/wp\/v2\/media\/86492"}],"wp:attachment":[{"href":"https:\/\/www.ernstbrunn-apotheke.at\/katalog\/wp-json\/wp\/v2\/media?parent=86490"}],"wp:term":[{"taxonomy":"product_brand","embeddable":true,"href":"https:\/\/www.ernstbrunn-apotheke.at\/katalog\/wp-json\/wp\/v2\/product_brand?post=86490"},{"taxonomy":"product_cat","embeddable":true,"href":"https:\/\/www.ernstbrunn-apotheke.at\/katalog\/wp-json\/wp\/v2\/product_cat?post=86490"},{"taxonomy":"product_tag","embeddable":true,"href":"https:\/\/www.ernstbrunn-apotheke.at\/katalog\/wp-json\/wp\/v2\/product_tag?post=86490"}],"curies":[{"name":"wp","href":"https:\/\/api.w.org\/{rel}","templated":true}]}}