{"id":86383,"date":"2025-11-12T01:55:18","date_gmt":"2025-11-12T00:55:18","guid":{"rendered":"https:\/\/www.ernstbrunn-apotheke.at\/katalog\/produkt\/sanoll-shampoo-ghassoul-200-ml-rosengeranie\/"},"modified":"2025-12-08T19:54:53","modified_gmt":"2025-12-08T18:54:53","slug":"sanoll-shampoo-ghassoul-200-ml-rosengeranie","status":"publish","type":"product","link":"https:\/\/www.ernstbrunn-apotheke.at\/katalog\/produkt\/sanoll-shampoo-ghassoul-200-ml-rosengeranie\/","title":{"rendered":"Sanoll Shampoo Ghassoul 200 ml Rosengeranie"},"content":{"rendered":"<p>Sanoll Shampoo Ghassoul ist die nat\u00fcrliche Alternative zum Shampoo, absolut tensidfrei und sch\u00e4umt nicht. Die feinen Tonpartikel saugen auf nat\u00fcrliche Art \u00fcbersch\u00fcssiges Talg und den Schmutz auf.<\/p>\n","protected":false},"excerpt":{"rendered":"<p>Sanoll Shampoo Ghassoul ist die nat\u00fcrliche Alternative zum Shampoo, absolut tensidfrei und sch\u00e4umt nicht. Die feinen Tonpartikel saugen auf nat\u00fcrliche Art \u00fcbersch\u00fcssiges Talg und den Schmutz auf.<\/p>\n","protected":false},"featured_media":86385,"template":"","meta":{"_acf_changed":false},"product_brand":[],"product_cat":[791],"product_tag":[],"class_list":{"0":"post-86383","1":"product","2":"type-product","3":"status-publish","4":"has-post-thumbnail","6":"product_cat-s","7":"pa_packungsgroesse-200ml","9":"first","10":"instock","11":"shipping-taxable","12":"purchasable","13":"product-type-simple"},"acf":[],"_links":{"self":[{"href":"https:\/\/www.ernstbrunn-apotheke.at\/katalog\/wp-json\/wp\/v2\/product\/86383","targetHints":{"allow":["GET"]}}],"collection":[{"href":"https:\/\/www.ernstbrunn-apotheke.at\/katalog\/wp-json\/wp\/v2\/product"}],"about":[{"href":"https:\/\/www.ernstbrunn-apotheke.at\/katalog\/wp-json\/wp\/v2\/types\/product"}],"wp:featuredmedia":[{"embeddable":true,"href":"https:\/\/www.ernstbrunn-apotheke.at\/katalog\/wp-json\/wp\/v2\/media\/86385"}],"wp:attachment":[{"href":"https:\/\/www.ernstbrunn-apotheke.at\/katalog\/wp-json\/wp\/v2\/media?parent=86383"}],"wp:term":[{"taxonomy":"product_brand","embeddable":true,"href":"https:\/\/www.ernstbrunn-apotheke.at\/katalog\/wp-json\/wp\/v2\/product_brand?post=86383"},{"taxonomy":"product_cat","embeddable":true,"href":"https:\/\/www.ernstbrunn-apotheke.at\/katalog\/wp-json\/wp\/v2\/product_cat?post=86383"},{"taxonomy":"product_tag","embeddable":true,"href":"https:\/\/www.ernstbrunn-apotheke.at\/katalog\/wp-json\/wp\/v2\/product_tag?post=86383"}],"curies":[{"name":"wp","href":"https:\/\/api.w.org\/{rel}","templated":true}]}}