{"id":8638,"date":"2025-11-07T13:45:42","date_gmt":"2025-11-07T12:45:42","guid":{"rendered":"https:\/\/www.ernstbrunn-apotheke.at\/katalog\/produkt\/artelac-complete-mdo-augentropfen-10ml\/"},"modified":"2025-12-08T13:26:02","modified_gmt":"2025-12-08T12:26:02","slug":"artelac-complete-mdo-augentropfen-10ml","status":"publish","type":"product","link":"https:\/\/www.ernstbrunn-apotheke.at\/katalog\/produkt\/artelac-complete-mdo-augentropfen-10ml\/","title":{"rendered":"Artelac Complete MDO Augentropfen &#8211; 10ml"},"content":{"rendered":"<p>Die Artelac Complete MDO Augentropfen ist die Komplettl\u00f6sung bei trockenen Augen. Es ist inspiriert von der Zusammensetzung der nat\u00fcrlichen Tr\u00e4nenfl\u00fcssigkeit:  Bereits ein Tropfen Artelac Complete MDO versorgt alle drei Schichten des Tr\u00e4nenfilms. Dabei stabilisieren die Augentropfen mit Lipiden die \u00e4u\u00dfere Schicht, sodass die Verdunstung der Tr\u00e4nenfl\u00fcssigkeit gemindert wird. Der nat\u00fcrliche Feuchtigkeitsspender Hyalurons\u00e4ure (0,24 %) und Glycerin binden Feuchtigkeit, das Carbomer befeuchtet und bindet zus\u00e4tzlich Wasser im Tr\u00e4nenfilm.Durch den besonderen Pumpmechanismus ist Artelac Complete MDO puffer- und konservierungsmittelfrei und daher sehr gut vertr\u00e4glich.<\/p>\n","protected":false},"excerpt":{"rendered":"<p>Die Artelac Complete MDO Augentropfen ist die Komplettl\u00f6sung bei trockenen Augen. Es ist inspiriert von der Zusammensetzung der nat\u00fcrlichen Tr\u00e4nenfl\u00fcssigkeit: Bereits ein Tropfen Artelac Complete MDO versorgt alle drei Schichten des Tr\u00e4nenfilms. Dabei stabilisieren die Augentropfen mit Lipiden die \u00e4u\u00dfere Schicht, sodass die Verdunstung der Tr\u00e4nenfl\u00fcssigkeit gemindert wird. Der nat\u00fcrliche Feuchtigkeitsspender Hyalurons\u00e4ure (0,24 %) und [&hellip;]<\/p>\n","protected":false},"featured_media":8640,"template":"","meta":{"_acf_changed":false},"product_brand":[],"product_cat":[801],"product_tag":[],"class_list":{"0":"post-8638","1":"product","2":"type-product","3":"status-publish","4":"has-post-thumbnail","6":"product_cat-a","7":"pa_packungsgroesse-1-stueck","9":"first","10":"instock","11":"shipping-taxable","12":"purchasable","13":"product-type-simple"},"acf":[],"_links":{"self":[{"href":"https:\/\/www.ernstbrunn-apotheke.at\/katalog\/wp-json\/wp\/v2\/product\/8638","targetHints":{"allow":["GET"]}}],"collection":[{"href":"https:\/\/www.ernstbrunn-apotheke.at\/katalog\/wp-json\/wp\/v2\/product"}],"about":[{"href":"https:\/\/www.ernstbrunn-apotheke.at\/katalog\/wp-json\/wp\/v2\/types\/product"}],"wp:featuredmedia":[{"embeddable":true,"href":"https:\/\/www.ernstbrunn-apotheke.at\/katalog\/wp-json\/wp\/v2\/media\/8640"}],"wp:attachment":[{"href":"https:\/\/www.ernstbrunn-apotheke.at\/katalog\/wp-json\/wp\/v2\/media?parent=8638"}],"wp:term":[{"taxonomy":"product_brand","embeddable":true,"href":"https:\/\/www.ernstbrunn-apotheke.at\/katalog\/wp-json\/wp\/v2\/product_brand?post=8638"},{"taxonomy":"product_cat","embeddable":true,"href":"https:\/\/www.ernstbrunn-apotheke.at\/katalog\/wp-json\/wp\/v2\/product_cat?post=8638"},{"taxonomy":"product_tag","embeddable":true,"href":"https:\/\/www.ernstbrunn-apotheke.at\/katalog\/wp-json\/wp\/v2\/product_tag?post=8638"}],"curies":[{"name":"wp","href":"https:\/\/api.w.org\/{rel}","templated":true}]}}