{"id":86338,"date":"2025-11-12T01:54:35","date_gmt":"2025-11-12T00:54:35","guid":{"rendered":"https:\/\/www.ernstbrunn-apotheke.at\/katalog\/produkt\/melasan-sport-isolierbecher-350-ml\/"},"modified":"2025-12-08T19:54:29","modified_gmt":"2025-12-08T18:54:29","slug":"melasan-sport-isolierbecher-350-ml","status":"publish","type":"product","link":"https:\/\/www.ernstbrunn-apotheke.at\/katalog\/produkt\/melasan-sport-isolierbecher-350-ml\/","title":{"rendered":"Melasan Sport Isolierbecher 350 ml"},"content":{"rendered":"<p>Der Melasan Isolierbecher aus Edelstahl ist Ihr idealer Wegbegleiter bei jedem Wetter. Durch die hochwertige Verarbeitung wird das Austreten von Fl\u00fcssigkeiten verhindert sowie die Temperatur des Getr\u00e4nks konstant gehalten. Der Becher ist doppelwandig und ist mit einer farbig-gummierten Manschette f\u00fcr beste Griffigkeit und einer integrierten Trink\u00f6ffnung ausgestattet<\/p>\n","protected":false},"excerpt":{"rendered":"<p>Der Melasan Isolierbecher aus Edelstahl ist Ihr idealer Wegbegleiter bei jedem Wetter. Durch die hochwertige Verarbeitung wird das Austreten von Fl\u00fcssigkeiten verhindert sowie die Temperatur des Getr\u00e4nks konstant gehalten. Der Becher ist doppelwandig und ist mit einer farbig-gummierten Manschette f\u00fcr beste Griffigkeit und einer integrierten Trink\u00f6ffnung ausgestattet<\/p>\n","protected":false},"featured_media":0,"template":"","meta":{"_acf_changed":false},"product_brand":[373],"product_cat":[800],"product_tag":[],"class_list":{"0":"post-86338","1":"product","2":"type-product","3":"status-publish","5":"product_brand-melasan","6":"product_cat-m","7":"pa_packungsgroesse-350ml","9":"first","10":"instock","11":"shipping-taxable","12":"purchasable","13":"product-type-simple"},"acf":[],"_links":{"self":[{"href":"https:\/\/www.ernstbrunn-apotheke.at\/katalog\/wp-json\/wp\/v2\/product\/86338","targetHints":{"allow":["GET"]}}],"collection":[{"href":"https:\/\/www.ernstbrunn-apotheke.at\/katalog\/wp-json\/wp\/v2\/product"}],"about":[{"href":"https:\/\/www.ernstbrunn-apotheke.at\/katalog\/wp-json\/wp\/v2\/types\/product"}],"wp:attachment":[{"href":"https:\/\/www.ernstbrunn-apotheke.at\/katalog\/wp-json\/wp\/v2\/media?parent=86338"}],"wp:term":[{"taxonomy":"product_brand","embeddable":true,"href":"https:\/\/www.ernstbrunn-apotheke.at\/katalog\/wp-json\/wp\/v2\/product_brand?post=86338"},{"taxonomy":"product_cat","embeddable":true,"href":"https:\/\/www.ernstbrunn-apotheke.at\/katalog\/wp-json\/wp\/v2\/product_cat?post=86338"},{"taxonomy":"product_tag","embeddable":true,"href":"https:\/\/www.ernstbrunn-apotheke.at\/katalog\/wp-json\/wp\/v2\/product_tag?post=86338"}],"curies":[{"name":"wp","href":"https:\/\/api.w.org\/{rel}","templated":true}]}}