{"id":86334,"date":"2025-11-12T01:54:35","date_gmt":"2025-11-12T00:54:35","guid":{"rendered":"https:\/\/www.ernstbrunn-apotheke.at\/katalog\/produkt\/biokap-ansatzspray-75-ml-dunkelbraun\/"},"modified":"2025-12-08T19:54:26","modified_gmt":"2025-12-08T18:54:26","slug":"biokap-ansatzspray-75-ml-dunkelbraun","status":"publish","type":"product","link":"https:\/\/www.ernstbrunn-apotheke.at\/katalog\/produkt\/biokap-ansatzspray-75-ml-dunkelbraun\/","title":{"rendered":"Biokap Ansatzspray 75 ml Dunkelbraun"},"content":{"rendered":"<p>Biokap Ansatzspray ist die einfache und schnelle L\u00f6sung, um den Nachwuchs im Handumdrehen verschwinden zu lassen. Der Komplex enth\u00e4lt Reisproteine mit aufbauender Wirkung und ein Silberweidederivat, welches das Haar vor UV-Strahlen und Entf\u00e4rbung sch\u00fctzt. Das Bio- Argan\u00f6l spendet Feuchtigkeit und macht das Haar sichtbar geschmeidiger und gl\u00e4nzender.<\/p>\n","protected":false},"excerpt":{"rendered":"<p>Biokap Ansatzspray ist die einfache und schnelle L\u00f6sung, um den Nachwuchs im Handumdrehen verschwinden zu lassen. Der Komplex enth\u00e4lt Reisproteine mit aufbauender Wirkung und ein Silberweidederivat, welches das Haar vor UV-Strahlen und Entf\u00e4rbung sch\u00fctzt. Das Bio- Argan\u00f6l spendet Feuchtigkeit und macht das Haar sichtbar geschmeidiger und gl\u00e4nzender.<\/p>\n","protected":false},"featured_media":0,"template":"","meta":{"_acf_changed":false},"product_brand":[],"product_cat":[802],"product_tag":[],"class_list":{"0":"post-86334","1":"product","2":"type-product","3":"status-publish","5":"product_cat-b","6":"pa_packungsgroesse-75ml","8":"first","9":"instock","10":"shipping-taxable","11":"purchasable","12":"product-type-simple"},"acf":[],"_links":{"self":[{"href":"https:\/\/www.ernstbrunn-apotheke.at\/katalog\/wp-json\/wp\/v2\/product\/86334","targetHints":{"allow":["GET"]}}],"collection":[{"href":"https:\/\/www.ernstbrunn-apotheke.at\/katalog\/wp-json\/wp\/v2\/product"}],"about":[{"href":"https:\/\/www.ernstbrunn-apotheke.at\/katalog\/wp-json\/wp\/v2\/types\/product"}],"wp:attachment":[{"href":"https:\/\/www.ernstbrunn-apotheke.at\/katalog\/wp-json\/wp\/v2\/media?parent=86334"}],"wp:term":[{"taxonomy":"product_brand","embeddable":true,"href":"https:\/\/www.ernstbrunn-apotheke.at\/katalog\/wp-json\/wp\/v2\/product_brand?post=86334"},{"taxonomy":"product_cat","embeddable":true,"href":"https:\/\/www.ernstbrunn-apotheke.at\/katalog\/wp-json\/wp\/v2\/product_cat?post=86334"},{"taxonomy":"product_tag","embeddable":true,"href":"https:\/\/www.ernstbrunn-apotheke.at\/katalog\/wp-json\/wp\/v2\/product_tag?post=86334"}],"curies":[{"name":"wp","href":"https:\/\/api.w.org\/{rel}","templated":true}]}}