{"id":86321,"date":"2025-11-12T01:54:16","date_gmt":"2025-11-12T00:54:16","guid":{"rendered":"https:\/\/www.ernstbrunn-apotheke.at\/katalog\/produkt\/roewo-massagelotion-1000-ml\/"},"modified":"2025-12-08T19:54:17","modified_gmt":"2025-12-08T18:54:17","slug":"roewo-massagelotion-1000-ml","status":"publish","type":"product","link":"https:\/\/www.ernstbrunn-apotheke.at\/katalog\/produkt\/roewo-massagelotion-1000-ml\/","title":{"rendered":"Roewo Massagelotion 1000 ml"},"content":{"rendered":"<p>Die \u00f6sterreichische Niederlassung der Eimermacher Gruppe, im Jahr 1997 in Wels gegr\u00fcndet, vertreibt die begehrten Produktserien in \u00d6sterreich und im CEE-Raum. F\u00fcr die h\u00f6chstm\u00f6gliche Qualit\u00e4t der Erzeugnisse steht Eimermacher mit maximalen Anspr\u00fcchen: Rohstoffe, Rezepturen und Herstellungsverfahren unterliegen bei eimermacher dem Arzneimittelrecht und den Produktionsrichtlinien der Humankosmetik.<\/p>\n","protected":false},"excerpt":{"rendered":"<p>Die \u00f6sterreichische Niederlassung der Eimermacher Gruppe, im Jahr 1997 in Wels gegr\u00fcndet, vertreibt die begehrten Produktserien in \u00d6sterreich und im CEE-Raum. F\u00fcr die h\u00f6chstm\u00f6gliche Qualit\u00e4t der Erzeugnisse steht Eimermacher mit maximalen Anspr\u00fcchen: Rohstoffe, Rezepturen und Herstellungsverfahren unterliegen bei eimermacher dem Arzneimittelrecht und den Produktionsrichtlinien der Humankosmetik.<\/p>\n","protected":false},"featured_media":0,"template":"","meta":{"_acf_changed":false},"product_brand":[],"product_cat":[808],"product_tag":[],"class_list":{"0":"post-86321","1":"product","2":"type-product","3":"status-publish","5":"product_cat-r","6":"pa_packungsgroesse-1l","8":"first","9":"instock","10":"shipping-taxable","11":"purchasable","12":"product-type-simple"},"acf":[],"_links":{"self":[{"href":"https:\/\/www.ernstbrunn-apotheke.at\/katalog\/wp-json\/wp\/v2\/product\/86321","targetHints":{"allow":["GET"]}}],"collection":[{"href":"https:\/\/www.ernstbrunn-apotheke.at\/katalog\/wp-json\/wp\/v2\/product"}],"about":[{"href":"https:\/\/www.ernstbrunn-apotheke.at\/katalog\/wp-json\/wp\/v2\/types\/product"}],"wp:attachment":[{"href":"https:\/\/www.ernstbrunn-apotheke.at\/katalog\/wp-json\/wp\/v2\/media?parent=86321"}],"wp:term":[{"taxonomy":"product_brand","embeddable":true,"href":"https:\/\/www.ernstbrunn-apotheke.at\/katalog\/wp-json\/wp\/v2\/product_brand?post=86321"},{"taxonomy":"product_cat","embeddable":true,"href":"https:\/\/www.ernstbrunn-apotheke.at\/katalog\/wp-json\/wp\/v2\/product_cat?post=86321"},{"taxonomy":"product_tag","embeddable":true,"href":"https:\/\/www.ernstbrunn-apotheke.at\/katalog\/wp-json\/wp\/v2\/product_tag?post=86321"}],"curies":[{"name":"wp","href":"https:\/\/api.w.org\/{rel}","templated":true}]}}