{"id":86242,"date":"2025-11-12T01:52:44","date_gmt":"2025-11-12T00:52:44","guid":{"rendered":"https:\/\/www.ernstbrunn-apotheke.at\/katalog\/produkt\/wala-disci-comp-c-argento-ampullen-10-stk\/"},"modified":"2025-12-08T19:53:35","modified_gmt":"2025-12-08T18:53:35","slug":"wala-disci-comp-c-argento-ampullen-10-stk","status":"publish","type":"product","link":"https:\/\/www.ernstbrunn-apotheke.at\/katalog\/produkt\/wala-disci-comp-c-argento-ampullen-10-stk\/","title":{"rendered":"Wala Disci Comp. C Argento Ampullen 10 Stk."},"content":{"rendered":"<p>Wala Disci Comp. C Argento Ampullen werden bei St\u00f6rungen der Aufrichte-, Bewegungs- und Formprozesse der gesamten Wirbels\u00e4ulenformation eingesetzt. Dabei hilft das Produkt insbesondere bei akuten Schmerzzust\u00e4nden mit entz\u00fcndlicher Komponente.<\/p>\n","protected":false},"excerpt":{"rendered":"<p>Wala Disci Comp. C Argento Ampullen werden bei St\u00f6rungen der Aufrichte-, Bewegungs- und Formprozesse der gesamten Wirbels\u00e4ulenformation eingesetzt. Dabei hilft das Produkt insbesondere bei akuten Schmerzzust\u00e4nden mit entz\u00fcndlicher Komponente.<\/p>\n","protected":false},"featured_media":86244,"template":"","meta":{"_acf_changed":false},"product_brand":[866],"product_cat":[796],"product_tag":[],"class_list":{"0":"post-86242","1":"product","2":"type-product","3":"status-publish","4":"has-post-thumbnail","6":"product_brand-wala","7":"product_cat-w","8":"pa_packungsgroesse-10-stueck","10":"first","11":"instock","12":"shipping-taxable","13":"purchasable","14":"product-type-simple"},"acf":[],"_links":{"self":[{"href":"https:\/\/www.ernstbrunn-apotheke.at\/katalog\/wp-json\/wp\/v2\/product\/86242","targetHints":{"allow":["GET"]}}],"collection":[{"href":"https:\/\/www.ernstbrunn-apotheke.at\/katalog\/wp-json\/wp\/v2\/product"}],"about":[{"href":"https:\/\/www.ernstbrunn-apotheke.at\/katalog\/wp-json\/wp\/v2\/types\/product"}],"wp:featuredmedia":[{"embeddable":true,"href":"https:\/\/www.ernstbrunn-apotheke.at\/katalog\/wp-json\/wp\/v2\/media\/86244"}],"wp:attachment":[{"href":"https:\/\/www.ernstbrunn-apotheke.at\/katalog\/wp-json\/wp\/v2\/media?parent=86242"}],"wp:term":[{"taxonomy":"product_brand","embeddable":true,"href":"https:\/\/www.ernstbrunn-apotheke.at\/katalog\/wp-json\/wp\/v2\/product_brand?post=86242"},{"taxonomy":"product_cat","embeddable":true,"href":"https:\/\/www.ernstbrunn-apotheke.at\/katalog\/wp-json\/wp\/v2\/product_cat?post=86242"},{"taxonomy":"product_tag","embeddable":true,"href":"https:\/\/www.ernstbrunn-apotheke.at\/katalog\/wp-json\/wp\/v2\/product_tag?post=86242"}],"curies":[{"name":"wp","href":"https:\/\/api.w.org\/{rel}","templated":true}]}}