{"id":86201,"date":"2025-11-12T01:52:02","date_gmt":"2025-11-12T00:52:02","guid":{"rendered":"https:\/\/www.ernstbrunn-apotheke.at\/katalog\/produkt\/apofit-aetherisches-oel-jasmin-absolue-10-ml\/"},"modified":"2025-12-08T19:53:15","modified_gmt":"2025-12-08T18:53:15","slug":"apofit-aetherisches-oel-jasmin-absolue-10-ml","status":"publish","type":"product","link":"https:\/\/www.ernstbrunn-apotheke.at\/katalog\/produkt\/apofit-aetherisches-oel-jasmin-absolue-10-ml\/","title":{"rendered":"Apofit \u00c4therisches \u00d6l Jasmin Absolue 10 ml"},"content":{"rendered":"<p>Apofit \u00c4therisches \u00d6l Jasmin Absolue kann k\u00f6rperliche Beschwerden positiv beeinflussen, wie beispielsweise pr\u00e4menstruelles Syndrom, Kopfschmerzen, Nervosit\u00e4t und Hautentz\u00fcndungen. Jasmin\u00f6l eignet sich besonders zur Pflege von psychosomatischen bedingten Hautproblemen. Sehr gerne wird Jasmin auch zur Behandlung der weiblichen Geschlechtsorgane eingesetzt, wie jedwede Geb\u00e4rmutterprobleme und Menstruationsst\u00f6rungen. Nicht zur Einnahme bestimmt!.<\/p>\n","protected":false},"excerpt":{"rendered":"<p>Apofit \u00c4therisches \u00d6l Jasmin Absolue kann k\u00f6rperliche Beschwerden positiv beeinflussen, wie beispielsweise pr\u00e4menstruelles Syndrom, Kopfschmerzen, Nervosit\u00e4t und Hautentz\u00fcndungen. Jasmin\u00f6l eignet sich besonders zur Pflege von psychosomatischen bedingten Hautproblemen. Sehr gerne wird Jasmin auch zur Behandlung der weiblichen Geschlechtsorgane eingesetzt, wie jedwede Geb\u00e4rmutterprobleme und Menstruationsst\u00f6rungen. Nicht zur Einnahme bestimmt!.<\/p>\n","protected":false},"featured_media":86203,"template":"","meta":{"_acf_changed":false},"product_brand":[584],"product_cat":[801],"product_tag":[],"class_list":{"0":"post-86201","1":"product","2":"type-product","3":"status-publish","4":"has-post-thumbnail","6":"product_brand-apofit","7":"product_cat-a","8":"pa_packungsgroesse-1ml","10":"first","11":"instock","12":"shipping-taxable","13":"purchasable","14":"product-type-simple"},"acf":[],"_links":{"self":[{"href":"https:\/\/www.ernstbrunn-apotheke.at\/katalog\/wp-json\/wp\/v2\/product\/86201","targetHints":{"allow":["GET"]}}],"collection":[{"href":"https:\/\/www.ernstbrunn-apotheke.at\/katalog\/wp-json\/wp\/v2\/product"}],"about":[{"href":"https:\/\/www.ernstbrunn-apotheke.at\/katalog\/wp-json\/wp\/v2\/types\/product"}],"wp:featuredmedia":[{"embeddable":true,"href":"https:\/\/www.ernstbrunn-apotheke.at\/katalog\/wp-json\/wp\/v2\/media\/86203"}],"wp:attachment":[{"href":"https:\/\/www.ernstbrunn-apotheke.at\/katalog\/wp-json\/wp\/v2\/media?parent=86201"}],"wp:term":[{"taxonomy":"product_brand","embeddable":true,"href":"https:\/\/www.ernstbrunn-apotheke.at\/katalog\/wp-json\/wp\/v2\/product_brand?post=86201"},{"taxonomy":"product_cat","embeddable":true,"href":"https:\/\/www.ernstbrunn-apotheke.at\/katalog\/wp-json\/wp\/v2\/product_cat?post=86201"},{"taxonomy":"product_tag","embeddable":true,"href":"https:\/\/www.ernstbrunn-apotheke.at\/katalog\/wp-json\/wp\/v2\/product_tag?post=86201"}],"curies":[{"name":"wp","href":"https:\/\/api.w.org\/{rel}","templated":true}]}}