{"id":86097,"date":"2025-11-12T01:49:55","date_gmt":"2025-11-12T00:49:55","guid":{"rendered":"https:\/\/www.ernstbrunn-apotheke.at\/katalog\/produkt\/injektion-insulinpen-accu-fine-nadel-025-8-100-stk\/"},"modified":"2025-12-08T19:52:33","modified_gmt":"2025-12-08T18:52:33","slug":"injektion-insulinpen-accu-fine-nadel-025-8-100-stk","status":"publish","type":"product","link":"https:\/\/www.ernstbrunn-apotheke.at\/katalog\/produkt\/injektion-insulinpen-accu-fine-nadel-025-8-100-stk\/","title":{"rendered":"Injektion Insulinpen Accu-Fine Nadel 025\/8 100 Stk."},"content":{"rendered":"<p>&#8222;Accu-Fine Insulinpen Nadeln sind Einmalprodukte f\u00fcr die subkutane Insulintherpaie mit handels\u00fcblichen Insulinpens. Besondere Merkmale der Nadel erm\u00f6glichen eine noch sanftere und hygienischere Handhabung.&#8220;<\/p>\n","protected":false},"excerpt":{"rendered":"<p>&#8222;Accu-Fine Insulinpen Nadeln sind Einmalprodukte f\u00fcr die subkutane Insulintherpaie mit handels\u00fcblichen Insulinpens. Besondere Merkmale der Nadel erm\u00f6glichen eine noch sanftere und hygienischere Handhabung.&#8220;<\/p>\n","protected":false},"featured_media":86099,"template":"","meta":{"_acf_changed":false},"product_brand":[],"product_cat":[823],"product_tag":[],"class_list":{"0":"post-86097","1":"product","2":"type-product","3":"status-publish","4":"has-post-thumbnail","6":"product_cat-i","7":"pa_packungsgroesse-100-stueck","9":"first","10":"instock","11":"shipping-taxable","12":"purchasable","13":"product-type-simple"},"acf":[],"_links":{"self":[{"href":"https:\/\/www.ernstbrunn-apotheke.at\/katalog\/wp-json\/wp\/v2\/product\/86097","targetHints":{"allow":["GET"]}}],"collection":[{"href":"https:\/\/www.ernstbrunn-apotheke.at\/katalog\/wp-json\/wp\/v2\/product"}],"about":[{"href":"https:\/\/www.ernstbrunn-apotheke.at\/katalog\/wp-json\/wp\/v2\/types\/product"}],"wp:featuredmedia":[{"embeddable":true,"href":"https:\/\/www.ernstbrunn-apotheke.at\/katalog\/wp-json\/wp\/v2\/media\/86099"}],"wp:attachment":[{"href":"https:\/\/www.ernstbrunn-apotheke.at\/katalog\/wp-json\/wp\/v2\/media?parent=86097"}],"wp:term":[{"taxonomy":"product_brand","embeddable":true,"href":"https:\/\/www.ernstbrunn-apotheke.at\/katalog\/wp-json\/wp\/v2\/product_brand?post=86097"},{"taxonomy":"product_cat","embeddable":true,"href":"https:\/\/www.ernstbrunn-apotheke.at\/katalog\/wp-json\/wp\/v2\/product_cat?post=86097"},{"taxonomy":"product_tag","embeddable":true,"href":"https:\/\/www.ernstbrunn-apotheke.at\/katalog\/wp-json\/wp\/v2\/product_tag?post=86097"}],"curies":[{"name":"wp","href":"https:\/\/api.w.org\/{rel}","templated":true}]}}