{"id":86083,"date":"2025-11-12T01:49:55","date_gmt":"2025-11-12T00:49:55","guid":{"rendered":"https:\/\/www.ernstbrunn-apotheke.at\/katalog\/produkt\/sebamed-frische-deo-frisch-aerosol-150-ml\/"},"modified":"2025-12-08T19:52:29","modified_gmt":"2025-12-08T18:52:29","slug":"sebamed-frische-deo-frisch-aerosol-150-ml","status":"publish","type":"product","link":"https:\/\/www.ernstbrunn-apotheke.at\/katalog\/produkt\/sebamed-frische-deo-frisch-aerosol-150-ml\/","title":{"rendered":"Sebamed Frische Deo Frisch Aerosol 150 ml"},"content":{"rendered":"<p>Sebamed Frische Deo Frisch Aerosol schenkt sensibler Haut lang anhaltende Frische, ohne die nat\u00fcrliche Schwei\u00dfbildung zu unterdr\u00fccken. Es bindet Geruchsstoffe und hemmt geruchsbildende Hautbakterien. Aloe Vera wirkt hautberuhigend und spendet Feuchtigkeit. Der pH-Wert 5,5 \u2014 wichtig f\u00fcr die gesunde Haut \u2014 f\u00f6rdert zus\u00e4tzlich die hauteigene Schutzfunktion gegen sch\u00e4digende \u00e4u\u00dfere Einfl\u00fcsse. Ohne Aluminiumsalze. Wirksamkeit und Hautvertr\u00e4glichkeit klinisch getestet.<\/p>\n","protected":false},"excerpt":{"rendered":"<p>Sebamed Frische Deo Frisch Aerosol schenkt sensibler Haut lang anhaltende Frische, ohne die nat\u00fcrliche Schwei\u00dfbildung zu unterdr\u00fccken. Es bindet Geruchsstoffe und hemmt geruchsbildende Hautbakterien. Aloe Vera wirkt hautberuhigend und spendet Feuchtigkeit. Der pH-Wert 5,5 \u2014 wichtig f\u00fcr die gesunde Haut \u2014 f\u00f6rdert zus\u00e4tzlich die hauteigene Schutzfunktion gegen sch\u00e4digende \u00e4u\u00dfere Einfl\u00fcsse. Ohne Aluminiumsalze. Wirksamkeit und Hautvertr\u00e4glichkeit [&hellip;]<\/p>\n","protected":false},"featured_media":0,"template":"","meta":{"_acf_changed":false},"product_brand":[737],"product_cat":[791],"product_tag":[],"class_list":{"0":"post-86083","1":"product","2":"type-product","3":"status-publish","5":"product_brand-sebamed","6":"product_cat-s","7":"pa_packungsgroesse-150ml","9":"first","10":"instock","11":"shipping-taxable","12":"purchasable","13":"product-type-simple"},"acf":[],"_links":{"self":[{"href":"https:\/\/www.ernstbrunn-apotheke.at\/katalog\/wp-json\/wp\/v2\/product\/86083","targetHints":{"allow":["GET"]}}],"collection":[{"href":"https:\/\/www.ernstbrunn-apotheke.at\/katalog\/wp-json\/wp\/v2\/product"}],"about":[{"href":"https:\/\/www.ernstbrunn-apotheke.at\/katalog\/wp-json\/wp\/v2\/types\/product"}],"wp:attachment":[{"href":"https:\/\/www.ernstbrunn-apotheke.at\/katalog\/wp-json\/wp\/v2\/media?parent=86083"}],"wp:term":[{"taxonomy":"product_brand","embeddable":true,"href":"https:\/\/www.ernstbrunn-apotheke.at\/katalog\/wp-json\/wp\/v2\/product_brand?post=86083"},{"taxonomy":"product_cat","embeddable":true,"href":"https:\/\/www.ernstbrunn-apotheke.at\/katalog\/wp-json\/wp\/v2\/product_cat?post=86083"},{"taxonomy":"product_tag","embeddable":true,"href":"https:\/\/www.ernstbrunn-apotheke.at\/katalog\/wp-json\/wp\/v2\/product_tag?post=86083"}],"curies":[{"name":"wp","href":"https:\/\/api.w.org\/{rel}","templated":true}]}}