{"id":86034,"date":"2025-11-12T01:48:58","date_gmt":"2025-11-12T00:48:58","guid":{"rendered":"https:\/\/www.ernstbrunn-apotheke.at\/katalog\/produkt\/layenberger-lowcarb-one-protein-shake-beere-360-g\/"},"modified":"2025-12-08T19:52:07","modified_gmt":"2025-12-08T18:52:07","slug":"layenberger-lowcarb-one-protein-shake-beere-360-g","status":"publish","type":"product","link":"https:\/\/www.ernstbrunn-apotheke.at\/katalog\/produkt\/layenberger-lowcarb-one-protein-shake-beere-360-g\/","title":{"rendered":"Layenberger LowCarb.one Protein Shake Beere 360 g"},"content":{"rendered":"<p>Layenberger LowCarb.one Protein Shake mit fruchtigem Beeren-Geschmack eignet sich ideal als Mahlzeit oder Zwischenmahlzeit f\u00fcr eine kohlenhydratreduzierte oder eiwei\u00dfreiche Ern\u00e4hrung, sowie zur Deckung eines zus\u00e4tzlichen Eiwei\u00dfbedarfs. Das Pulver enth\u00e4lt wertvolle Vitamine und Calcium und ist frei von Gluten.<\/p>\n","protected":false},"excerpt":{"rendered":"<p>Layenberger LowCarb.one Protein Shake mit fruchtigem Beeren-Geschmack eignet sich ideal als Mahlzeit oder Zwischenmahlzeit f\u00fcr eine kohlenhydratreduzierte oder eiwei\u00dfreiche Ern\u00e4hrung, sowie zur Deckung eines zus\u00e4tzlichen Eiwei\u00dfbedarfs. Das Pulver enth\u00e4lt wertvolle Vitamine und Calcium und ist frei von Gluten.<\/p>\n","protected":false},"featured_media":0,"template":"","meta":{"_acf_changed":false},"product_brand":[],"product_cat":[795],"product_tag":[],"class_list":{"0":"post-86034","1":"product","2":"type-product","3":"status-publish","5":"product_cat-l","6":"pa_packungsgroesse-360g","8":"first","9":"instock","10":"shipping-taxable","11":"purchasable","12":"product-type-simple"},"acf":[],"_links":{"self":[{"href":"https:\/\/www.ernstbrunn-apotheke.at\/katalog\/wp-json\/wp\/v2\/product\/86034","targetHints":{"allow":["GET"]}}],"collection":[{"href":"https:\/\/www.ernstbrunn-apotheke.at\/katalog\/wp-json\/wp\/v2\/product"}],"about":[{"href":"https:\/\/www.ernstbrunn-apotheke.at\/katalog\/wp-json\/wp\/v2\/types\/product"}],"wp:attachment":[{"href":"https:\/\/www.ernstbrunn-apotheke.at\/katalog\/wp-json\/wp\/v2\/media?parent=86034"}],"wp:term":[{"taxonomy":"product_brand","embeddable":true,"href":"https:\/\/www.ernstbrunn-apotheke.at\/katalog\/wp-json\/wp\/v2\/product_brand?post=86034"},{"taxonomy":"product_cat","embeddable":true,"href":"https:\/\/www.ernstbrunn-apotheke.at\/katalog\/wp-json\/wp\/v2\/product_cat?post=86034"},{"taxonomy":"product_tag","embeddable":true,"href":"https:\/\/www.ernstbrunn-apotheke.at\/katalog\/wp-json\/wp\/v2\/product_tag?post=86034"}],"curies":[{"name":"wp","href":"https:\/\/api.w.org\/{rel}","templated":true}]}}