{"id":86003,"date":"2025-11-12T01:48:29","date_gmt":"2025-11-12T00:48:29","guid":{"rendered":"https:\/\/www.ernstbrunn-apotheke.at\/katalog\/produkt\/twardy-vitamin-cink-depot-tabletten-40-stk\/"},"modified":"2025-12-08T19:51:49","modified_gmt":"2025-12-08T18:51:49","slug":"twardy-vitamin-cink-depot-tabletten-40-stk","status":"publish","type":"product","link":"https:\/\/www.ernstbrunn-apotheke.at\/katalog\/produkt\/twardy-vitamin-cink-depot-tabletten-40-stk\/","title":{"rendered":"Twardy Vitamin Cink Depot Tabletten 40 Stk."},"content":{"rendered":"<p>Twardy Vitamin Cink Depot Tabletten versorgen den K\u00f6rper mit Vitamin C und Zink. Gemeinsam tragen sie zu einer normalen Funktion des Immunsystems bei. Aufgrund eines speziellen Herstellungsverfahrens erm\u00f6glichen Vitamin-Cink Depot Tabletten eine langsame und gleichm\u00e4\u00dfige.<\/p>\n","protected":false},"excerpt":{"rendered":"<p>Twardy Vitamin Cink Depot Tabletten versorgen den K\u00f6rper mit Vitamin C und Zink. Gemeinsam tragen sie zu einer normalen Funktion des Immunsystems bei. Aufgrund eines speziellen Herstellungsverfahrens erm\u00f6glichen Vitamin-Cink Depot Tabletten eine langsame und gleichm\u00e4\u00dfige.<\/p>\n","protected":false},"featured_media":86005,"template":"","meta":{"_acf_changed":false},"product_brand":[507],"product_cat":[798],"product_tag":[],"class_list":{"0":"post-86003","1":"product","2":"type-product","3":"status-publish","4":"has-post-thumbnail","6":"product_brand-twardy","7":"product_cat-t","8":"pa_packungsgroesse-40-stueck","10":"first","11":"instock","12":"shipping-taxable","13":"purchasable","14":"product-type-simple"},"acf":[],"_links":{"self":[{"href":"https:\/\/www.ernstbrunn-apotheke.at\/katalog\/wp-json\/wp\/v2\/product\/86003","targetHints":{"allow":["GET"]}}],"collection":[{"href":"https:\/\/www.ernstbrunn-apotheke.at\/katalog\/wp-json\/wp\/v2\/product"}],"about":[{"href":"https:\/\/www.ernstbrunn-apotheke.at\/katalog\/wp-json\/wp\/v2\/types\/product"}],"wp:featuredmedia":[{"embeddable":true,"href":"https:\/\/www.ernstbrunn-apotheke.at\/katalog\/wp-json\/wp\/v2\/media\/86005"}],"wp:attachment":[{"href":"https:\/\/www.ernstbrunn-apotheke.at\/katalog\/wp-json\/wp\/v2\/media?parent=86003"}],"wp:term":[{"taxonomy":"product_brand","embeddable":true,"href":"https:\/\/www.ernstbrunn-apotheke.at\/katalog\/wp-json\/wp\/v2\/product_brand?post=86003"},{"taxonomy":"product_cat","embeddable":true,"href":"https:\/\/www.ernstbrunn-apotheke.at\/katalog\/wp-json\/wp\/v2\/product_cat?post=86003"},{"taxonomy":"product_tag","embeddable":true,"href":"https:\/\/www.ernstbrunn-apotheke.at\/katalog\/wp-json\/wp\/v2\/product_tag?post=86003"}],"curies":[{"name":"wp","href":"https:\/\/api.w.org\/{rel}","templated":true}]}}