{"id":85978,"date":"2025-11-12T01:48:04","date_gmt":"2025-11-12T00:48:04","guid":{"rendered":"https:\/\/www.ernstbrunn-apotheke.at\/katalog\/produkt\/l-erbolario-koerpercreme-300-ml-iris\/"},"modified":"2025-12-08T19:51:33","modified_gmt":"2025-12-08T18:51:33","slug":"l-erbolario-koerpercreme-300-ml-iris","status":"publish","type":"product","link":"https:\/\/www.ernstbrunn-apotheke.at\/katalog\/produkt\/l-erbolario-koerpercreme-300-ml-iris\/","title":{"rendered":"L Erbolario K\u00f6rpercreme 300 ml Iris"},"content":{"rendered":"<p>L&#8217;Erbolario K\u00f6rpercreme verw\u00f6hnt Ihre Haut mit seinen straffenden und sch\u00fctzenden Eigenschaften. Hochwertige Ingredienzien mit ihren stark r\u00fcckfettenden und gl\u00e4ttenden Eigenschaften machen diese Creme zum idealen Begleiter im Kampf gegen un\u00e4sthetische Hauterschlaffung. erhalten Sie dieses Produkt in den Varianten Rose (150 ml), Onda, Assenzio, Passione, Rosa (200 ml), Iris und Mandel (300 ml).<\/p>\n","protected":false},"excerpt":{"rendered":"<p>L&#8217;Erbolario K\u00f6rpercreme verw\u00f6hnt Ihre Haut mit seinen straffenden und sch\u00fctzenden Eigenschaften. Hochwertige Ingredienzien mit ihren stark r\u00fcckfettenden und gl\u00e4ttenden Eigenschaften machen diese Creme zum idealen Begleiter im Kampf gegen un\u00e4sthetische Hauterschlaffung. erhalten Sie dieses Produkt in den Varianten Rose (150 ml), Onda, Assenzio, Passione, Rosa (200 ml), Iris und Mandel (300 ml).<\/p>\n","protected":false},"featured_media":85980,"template":"","meta":{"_acf_changed":false},"product_brand":[725],"product_cat":[795],"product_tag":[],"class_list":{"0":"post-85978","1":"product","2":"type-product","3":"status-publish","4":"has-post-thumbnail","6":"product_brand-lerbolario","7":"product_cat-l","8":"pa_packungsgroesse-300ml","10":"first","11":"instock","12":"shipping-taxable","13":"purchasable","14":"product-type-simple"},"acf":[],"_links":{"self":[{"href":"https:\/\/www.ernstbrunn-apotheke.at\/katalog\/wp-json\/wp\/v2\/product\/85978","targetHints":{"allow":["GET"]}}],"collection":[{"href":"https:\/\/www.ernstbrunn-apotheke.at\/katalog\/wp-json\/wp\/v2\/product"}],"about":[{"href":"https:\/\/www.ernstbrunn-apotheke.at\/katalog\/wp-json\/wp\/v2\/types\/product"}],"wp:featuredmedia":[{"embeddable":true,"href":"https:\/\/www.ernstbrunn-apotheke.at\/katalog\/wp-json\/wp\/v2\/media\/85980"}],"wp:attachment":[{"href":"https:\/\/www.ernstbrunn-apotheke.at\/katalog\/wp-json\/wp\/v2\/media?parent=85978"}],"wp:term":[{"taxonomy":"product_brand","embeddable":true,"href":"https:\/\/www.ernstbrunn-apotheke.at\/katalog\/wp-json\/wp\/v2\/product_brand?post=85978"},{"taxonomy":"product_cat","embeddable":true,"href":"https:\/\/www.ernstbrunn-apotheke.at\/katalog\/wp-json\/wp\/v2\/product_cat?post=85978"},{"taxonomy":"product_tag","embeddable":true,"href":"https:\/\/www.ernstbrunn-apotheke.at\/katalog\/wp-json\/wp\/v2\/product_tag?post=85978"}],"curies":[{"name":"wp","href":"https:\/\/api.w.org\/{rel}","templated":true}]}}