{"id":85959,"date":"2025-11-12T01:47:43","date_gmt":"2025-11-12T00:47:43","guid":{"rendered":"https:\/\/www.ernstbrunn-apotheke.at\/katalog\/produkt\/traubenkern-hautoel-medesign-100-ml\/"},"modified":"2025-12-08T19:51:21","modified_gmt":"2025-12-08T18:51:21","slug":"traubenkern-hautoel-medesign-100-ml","status":"publish","type":"product","link":"https:\/\/www.ernstbrunn-apotheke.at\/katalog\/produkt\/traubenkern-hautoel-medesign-100-ml\/","title":{"rendered":"Traubenkern Haut\u00f6l Medesign 100 ml"},"content":{"rendered":"<p>Traubenkern Haut\u00f6l Medesign ist ein leichtes Pflege\u00f6l, das sich f\u00fcr jeden Hauttyp eignet. Selbst von empfindlicher Haut wird es gut vertragen. Es zieht besonders schnell und restlos in die Haut ein und pflegt und verw\u00f6hnt langfristig mit dezentem Duft.<\/p>\n","protected":false},"excerpt":{"rendered":"<p>Traubenkern Haut\u00f6l Medesign ist ein leichtes Pflege\u00f6l, das sich f\u00fcr jeden Hauttyp eignet. Selbst von empfindlicher Haut wird es gut vertragen. Es zieht besonders schnell und restlos in die Haut ein und pflegt und verw\u00f6hnt langfristig mit dezentem Duft.<\/p>\n","protected":false},"featured_media":85961,"template":"","meta":{"_acf_changed":false},"product_brand":[],"product_cat":[798],"product_tag":[],"class_list":{"0":"post-85959","1":"product","2":"type-product","3":"status-publish","4":"has-post-thumbnail","6":"product_cat-t","7":"pa_packungsgroesse-100ml","9":"first","10":"instock","11":"shipping-taxable","12":"purchasable","13":"product-type-simple"},"acf":[],"_links":{"self":[{"href":"https:\/\/www.ernstbrunn-apotheke.at\/katalog\/wp-json\/wp\/v2\/product\/85959","targetHints":{"allow":["GET"]}}],"collection":[{"href":"https:\/\/www.ernstbrunn-apotheke.at\/katalog\/wp-json\/wp\/v2\/product"}],"about":[{"href":"https:\/\/www.ernstbrunn-apotheke.at\/katalog\/wp-json\/wp\/v2\/types\/product"}],"wp:featuredmedia":[{"embeddable":true,"href":"https:\/\/www.ernstbrunn-apotheke.at\/katalog\/wp-json\/wp\/v2\/media\/85961"}],"wp:attachment":[{"href":"https:\/\/www.ernstbrunn-apotheke.at\/katalog\/wp-json\/wp\/v2\/media?parent=85959"}],"wp:term":[{"taxonomy":"product_brand","embeddable":true,"href":"https:\/\/www.ernstbrunn-apotheke.at\/katalog\/wp-json\/wp\/v2\/product_brand?post=85959"},{"taxonomy":"product_cat","embeddable":true,"href":"https:\/\/www.ernstbrunn-apotheke.at\/katalog\/wp-json\/wp\/v2\/product_cat?post=85959"},{"taxonomy":"product_tag","embeddable":true,"href":"https:\/\/www.ernstbrunn-apotheke.at\/katalog\/wp-json\/wp\/v2\/product_tag?post=85959"}],"curies":[{"name":"wp","href":"https:\/\/api.w.org\/{rel}","templated":true}]}}