{"id":85955,"date":"2025-11-12T01:47:43","date_gmt":"2025-11-12T00:47:43","guid":{"rendered":"https:\/\/www.ernstbrunn-apotheke.at\/katalog\/produkt\/healing-herbs-cherry-30-ml\/"},"modified":"2025-12-08T19:51:17","modified_gmt":"2025-12-08T18:51:17","slug":"healing-herbs-cherry-30-ml","status":"publish","type":"product","link":"https:\/\/www.ernstbrunn-apotheke.at\/katalog\/produkt\/healing-herbs-cherry-30-ml\/","title":{"rendered":"Healing Herbs Cherry 30 ml"},"content":{"rendered":"<p>Healing Herbs Cherry wird bei allen krankhaften St\u00f6rungen empfohlen, die mit Hysterie, Besessenheit oder psychotischem Verhalten einhergehen oder davon ausgel\u00f6st wurden. So dient das Mittel zur Basisbehandlung bei seelischem oder emotionalem \u00dcberdruck, Besessenheit, Hysterie, Suizidgefahr sowie Amok-Tendenzen.<\/p>\n","protected":false},"excerpt":{"rendered":"<p>Healing Herbs Cherry wird bei allen krankhaften St\u00f6rungen empfohlen, die mit Hysterie, Besessenheit oder psychotischem Verhalten einhergehen oder davon ausgel\u00f6st wurden. So dient das Mittel zur Basisbehandlung bei seelischem oder emotionalem \u00dcberdruck, Besessenheit, Hysterie, Suizidgefahr sowie Amok-Tendenzen.<\/p>\n","protected":false},"featured_media":0,"template":"","meta":{"_acf_changed":false},"product_brand":[927],"product_cat":[805],"product_tag":[],"class_list":{"0":"post-85955","1":"product","2":"type-product","3":"status-publish","5":"product_brand-healing-herbs","6":"product_cat-h","7":"pa_packungsgroesse-30ml","9":"first","10":"instock","11":"shipping-taxable","12":"purchasable","13":"product-type-simple"},"acf":[],"_links":{"self":[{"href":"https:\/\/www.ernstbrunn-apotheke.at\/katalog\/wp-json\/wp\/v2\/product\/85955","targetHints":{"allow":["GET"]}}],"collection":[{"href":"https:\/\/www.ernstbrunn-apotheke.at\/katalog\/wp-json\/wp\/v2\/product"}],"about":[{"href":"https:\/\/www.ernstbrunn-apotheke.at\/katalog\/wp-json\/wp\/v2\/types\/product"}],"wp:attachment":[{"href":"https:\/\/www.ernstbrunn-apotheke.at\/katalog\/wp-json\/wp\/v2\/media?parent=85955"}],"wp:term":[{"taxonomy":"product_brand","embeddable":true,"href":"https:\/\/www.ernstbrunn-apotheke.at\/katalog\/wp-json\/wp\/v2\/product_brand?post=85955"},{"taxonomy":"product_cat","embeddable":true,"href":"https:\/\/www.ernstbrunn-apotheke.at\/katalog\/wp-json\/wp\/v2\/product_cat?post=85955"},{"taxonomy":"product_tag","embeddable":true,"href":"https:\/\/www.ernstbrunn-apotheke.at\/katalog\/wp-json\/wp\/v2\/product_tag?post=85955"}],"curies":[{"name":"wp","href":"https:\/\/api.w.org\/{rel}","templated":true}]}}