{"id":85946,"date":"2025-11-12T01:47:17","date_gmt":"2025-11-12T00:47:17","guid":{"rendered":"https:\/\/www.ernstbrunn-apotheke.at\/katalog\/produkt\/vitamin-b1-kapseln-junek-14mg-60-stk\/"},"modified":"2025-12-08T19:51:11","modified_gmt":"2025-12-08T18:51:11","slug":"vitamin-b1-kapseln-junek-14mg-60-stk","status":"publish","type":"product","link":"https:\/\/www.ernstbrunn-apotheke.at\/katalog\/produkt\/vitamin-b1-kapseln-junek-14mg-60-stk\/","title":{"rendered":"Vitamin B1 Kapseln Junek 1,4mg 60 Stk."},"content":{"rendered":"<p>Vitamin B1 Kapseln enthalten 1,4 mg Vitamin B1 als Thiaminhydrochlorid in einer Hartgelatinekapsel. Vitamin B1 sorgt f\u00fcr ein gesundes Nervensystem, eine gesunde Darmflora, hilft Energie aus der Nahrung zu verwerten und ist deshalb f\u00fcr den Kohlenhydratstoffwechsel sehr wichtig. Eine Kapsel Vitamin B1 t\u00e4glich erg\u00e4nzt die Ern\u00e4hrung sinnvoll.<\/p>\n","protected":false},"excerpt":{"rendered":"<p>Vitamin B1 Kapseln enthalten 1,4 mg Vitamin B1 als Thiaminhydrochlorid in einer Hartgelatinekapsel. Vitamin B1 sorgt f\u00fcr ein gesundes Nervensystem, eine gesunde Darmflora, hilft Energie aus der Nahrung zu verwerten und ist deshalb f\u00fcr den Kohlenhydratstoffwechsel sehr wichtig. Eine Kapsel Vitamin B1 t\u00e4glich erg\u00e4nzt die Ern\u00e4hrung sinnvoll.<\/p>\n","protected":false},"featured_media":0,"template":"","meta":{"_acf_changed":false},"product_brand":[],"product_cat":[799],"product_tag":[],"class_list":{"0":"post-85946","1":"product","2":"type-product","3":"status-publish","5":"product_cat-v","6":"pa_packungsgroesse-60-stueck","8":"first","9":"instock","10":"shipping-taxable","11":"purchasable","12":"product-type-simple"},"acf":[],"_links":{"self":[{"href":"https:\/\/www.ernstbrunn-apotheke.at\/katalog\/wp-json\/wp\/v2\/product\/85946","targetHints":{"allow":["GET"]}}],"collection":[{"href":"https:\/\/www.ernstbrunn-apotheke.at\/katalog\/wp-json\/wp\/v2\/product"}],"about":[{"href":"https:\/\/www.ernstbrunn-apotheke.at\/katalog\/wp-json\/wp\/v2\/types\/product"}],"wp:attachment":[{"href":"https:\/\/www.ernstbrunn-apotheke.at\/katalog\/wp-json\/wp\/v2\/media?parent=85946"}],"wp:term":[{"taxonomy":"product_brand","embeddable":true,"href":"https:\/\/www.ernstbrunn-apotheke.at\/katalog\/wp-json\/wp\/v2\/product_brand?post=85946"},{"taxonomy":"product_cat","embeddable":true,"href":"https:\/\/www.ernstbrunn-apotheke.at\/katalog\/wp-json\/wp\/v2\/product_cat?post=85946"},{"taxonomy":"product_tag","embeddable":true,"href":"https:\/\/www.ernstbrunn-apotheke.at\/katalog\/wp-json\/wp\/v2\/product_tag?post=85946"}],"curies":[{"name":"wp","href":"https:\/\/api.w.org\/{rel}","templated":true}]}}