{"id":85928,"date":"2025-11-12T01:46:44","date_gmt":"2025-11-12T00:46:44","guid":{"rendered":"https:\/\/www.ernstbrunn-apotheke.at\/katalog\/produkt\/pedi-ko-weinlaub-200-ml-bein-gel\/"},"modified":"2025-12-08T19:51:08","modified_gmt":"2025-12-08T18:51:08","slug":"pedi-ko-weinlaub-200-ml-bein-gel","status":"publish","type":"product","link":"https:\/\/www.ernstbrunn-apotheke.at\/katalog\/produkt\/pedi-ko-weinlaub-200-ml-bein-gel\/","title":{"rendered":"PEDI-KO Weinlaub 200 ml Bein-Gel"},"content":{"rendered":"<p>Die Wirkung des roten Weinlaubes gegen Venenprobleme ist schon seit dem Mittelalter bekannt. Der Wirkstoffkomplex aus Weinlaub, Gingko und Rosskastanie bringt Wohlbefinden und Vitalisierung f\u00fcr m\u00fcde Beine. Panthenol und Aloe Vera-Blattsaft sorgen f\u00fcr eine glatte und geschmeidige Haut. Der belebende und erfrischende Effekt wird durch die \u00e4therischen Zitrus\u00f6le auf nat\u00fcrliche Weise verst\u00e4rkt. Leicht k\u00fchlend. Ohne k\u00fcnstliches Parfum und ohne Farbstoffe &#8211; jetzt stark preisreduziert bestellen!<\/p>\n","protected":false},"excerpt":{"rendered":"<p>Die Wirkung des roten Weinlaubes gegen Venenprobleme ist schon seit dem Mittelalter bekannt. Der Wirkstoffkomplex aus Weinlaub, Gingko und Rosskastanie bringt Wohlbefinden und Vitalisierung f\u00fcr m\u00fcde Beine. Panthenol und Aloe Vera-Blattsaft sorgen f\u00fcr eine glatte und geschmeidige Haut. Der belebende und erfrischende Effekt wird durch die \u00e4therischen Zitrus\u00f6le auf nat\u00fcrliche Weise verst\u00e4rkt. Leicht k\u00fchlend. Ohne [&hellip;]<\/p>\n","protected":false},"featured_media":85930,"template":"","meta":{"_acf_changed":false},"product_brand":[],"product_cat":[793],"product_tag":[],"class_list":{"0":"post-85928","1":"product","2":"type-product","3":"status-publish","4":"has-post-thumbnail","6":"product_cat-p","7":"pa_packungsgroesse-200ml","9":"first","10":"instock","11":"shipping-taxable","12":"purchasable","13":"product-type-simple"},"acf":[],"_links":{"self":[{"href":"https:\/\/www.ernstbrunn-apotheke.at\/katalog\/wp-json\/wp\/v2\/product\/85928","targetHints":{"allow":["GET"]}}],"collection":[{"href":"https:\/\/www.ernstbrunn-apotheke.at\/katalog\/wp-json\/wp\/v2\/product"}],"about":[{"href":"https:\/\/www.ernstbrunn-apotheke.at\/katalog\/wp-json\/wp\/v2\/types\/product"}],"wp:featuredmedia":[{"embeddable":true,"href":"https:\/\/www.ernstbrunn-apotheke.at\/katalog\/wp-json\/wp\/v2\/media\/85930"}],"wp:attachment":[{"href":"https:\/\/www.ernstbrunn-apotheke.at\/katalog\/wp-json\/wp\/v2\/media?parent=85928"}],"wp:term":[{"taxonomy":"product_brand","embeddable":true,"href":"https:\/\/www.ernstbrunn-apotheke.at\/katalog\/wp-json\/wp\/v2\/product_brand?post=85928"},{"taxonomy":"product_cat","embeddable":true,"href":"https:\/\/www.ernstbrunn-apotheke.at\/katalog\/wp-json\/wp\/v2\/product_cat?post=85928"},{"taxonomy":"product_tag","embeddable":true,"href":"https:\/\/www.ernstbrunn-apotheke.at\/katalog\/wp-json\/wp\/v2\/product_tag?post=85928"}],"curies":[{"name":"wp","href":"https:\/\/api.w.org\/{rel}","templated":true}]}}