{"id":85906,"date":"2025-11-12T01:46:33","date_gmt":"2025-11-12T00:46:33","guid":{"rendered":"https:\/\/www.ernstbrunn-apotheke.at\/katalog\/produkt\/kneipp-aroma-pflegedusche-gute-laune-400-ml\/"},"modified":"2025-12-08T19:51:00","modified_gmt":"2025-12-08T18:51:00","slug":"kneipp-aroma-pflegedusche-gute-laune-400-ml","status":"publish","type":"product","link":"https:\/\/www.ernstbrunn-apotheke.at\/katalog\/produkt\/kneipp-aroma-pflegedusche-gute-laune-400-ml\/","title":{"rendered":"Kneipp Aroma Pflegedusche Gute Laune 400 ml"},"content":{"rendered":"<p>Kneipp Aroma Pflegedusche Gute Laune 400 ml sorgt f\u00fcr ein fruchtig-frisches Duscherlebnis und einen Moment des Gl\u00fccks. Nat\u00fcrliches pflegendes \u00d6l macht die Haut zart und geschmeidig. Die pflanzliche Pflegeformel mit nat\u00fcrlichen \u00d6len aus Maracuja und Grapefruit verbessert das Hautgef\u00fchl w\u00e4hrend und nach dem Duschen<\/p>\n","protected":false},"excerpt":{"rendered":"<p>Kneipp Aroma Pflegedusche Gute Laune 400 ml sorgt f\u00fcr ein fruchtig-frisches Duscherlebnis und einen Moment des Gl\u00fccks. Nat\u00fcrliches pflegendes \u00d6l macht die Haut zart und geschmeidig. Die pflanzliche Pflegeformel mit nat\u00fcrlichen \u00d6len aus Maracuja und Grapefruit verbessert das Hautgef\u00fchl w\u00e4hrend und nach dem Duschen<\/p>\n","protected":false},"featured_media":85908,"template":"","meta":{"_acf_changed":false},"product_brand":[662],"product_cat":[807],"product_tag":[],"class_list":{"0":"post-85906","1":"product","2":"type-product","3":"status-publish","4":"has-post-thumbnail","6":"product_brand-kneipp","7":"product_cat-k","8":"pa_packungsgroesse-400ml","10":"first","11":"instock","12":"shipping-taxable","13":"purchasable","14":"product-type-simple"},"acf":[],"_links":{"self":[{"href":"https:\/\/www.ernstbrunn-apotheke.at\/katalog\/wp-json\/wp\/v2\/product\/85906","targetHints":{"allow":["GET"]}}],"collection":[{"href":"https:\/\/www.ernstbrunn-apotheke.at\/katalog\/wp-json\/wp\/v2\/product"}],"about":[{"href":"https:\/\/www.ernstbrunn-apotheke.at\/katalog\/wp-json\/wp\/v2\/types\/product"}],"wp:featuredmedia":[{"embeddable":true,"href":"https:\/\/www.ernstbrunn-apotheke.at\/katalog\/wp-json\/wp\/v2\/media\/85908"}],"wp:attachment":[{"href":"https:\/\/www.ernstbrunn-apotheke.at\/katalog\/wp-json\/wp\/v2\/media?parent=85906"}],"wp:term":[{"taxonomy":"product_brand","embeddable":true,"href":"https:\/\/www.ernstbrunn-apotheke.at\/katalog\/wp-json\/wp\/v2\/product_brand?post=85906"},{"taxonomy":"product_cat","embeddable":true,"href":"https:\/\/www.ernstbrunn-apotheke.at\/katalog\/wp-json\/wp\/v2\/product_cat?post=85906"},{"taxonomy":"product_tag","embeddable":true,"href":"https:\/\/www.ernstbrunn-apotheke.at\/katalog\/wp-json\/wp\/v2\/product_tag?post=85906"}],"curies":[{"name":"wp","href":"https:\/\/api.w.org\/{rel}","templated":true}]}}