{"id":85887,"date":"2025-11-12T01:46:21","date_gmt":"2025-11-12T00:46:21","guid":{"rendered":"https:\/\/www.ernstbrunn-apotheke.at\/katalog\/produkt\/waldhoer-grapefruit-kern-kapseln-200-stk\/"},"modified":"2025-12-08T19:50:48","modified_gmt":"2025-12-08T18:50:48","slug":"waldhoer-grapefruit-kern-kapseln-200-stk","status":"publish","type":"product","link":"https:\/\/www.ernstbrunn-apotheke.at\/katalog\/produkt\/waldhoer-grapefruit-kern-kapseln-200-stk\/","title":{"rendered":"Waldh\u00f6r Grapefruit Kern Kapseln 200 Stk."},"content":{"rendered":"<p>Waldh\u00f6r Grapefruit Kern Kapseln werden durch reines Wasser ohne Hilfsstoffe aus den Kernen und Zellw\u00e4nden der Grapefruit gewonnen. Sie enthalten spezielle, besonders bittere Bioflavonoide, die abgesehen von ihrer positiven Wirkung auf die Gef\u00e4\u00dfe auch einen positiven Einfluss auf Darmgesundheit und Fett\u00adverbrennung haben. Unterst\u00fctzt beim Abnehmen. Erh\u00e4ltlich in den Varianten 70 St\u00fcck und 200 St\u00fcck.<\/p>\n","protected":false},"excerpt":{"rendered":"<p>Waldh\u00f6r Grapefruit Kern Kapseln werden durch reines Wasser ohne Hilfsstoffe aus den Kernen und Zellw\u00e4nden der Grapefruit gewonnen. Sie enthalten spezielle, besonders bittere Bioflavonoide, die abgesehen von ihrer positiven Wirkung auf die Gef\u00e4\u00dfe auch einen positiven Einfluss auf Darmgesundheit und Fett\u00adverbrennung haben. Unterst\u00fctzt beim Abnehmen. Erh\u00e4ltlich in den Varianten 70 St\u00fcck und 200 St\u00fcck.<\/p>\n","protected":false},"featured_media":85889,"template":"","meta":{"_acf_changed":false},"product_brand":[],"product_cat":[796],"product_tag":[],"class_list":{"0":"post-85887","1":"product","2":"type-product","3":"status-publish","4":"has-post-thumbnail","6":"product_cat-w","7":"pa_packungsgroesse-200-stueck","9":"first","10":"instock","11":"shipping-taxable","12":"purchasable","13":"product-type-simple"},"acf":[],"_links":{"self":[{"href":"https:\/\/www.ernstbrunn-apotheke.at\/katalog\/wp-json\/wp\/v2\/product\/85887","targetHints":{"allow":["GET"]}}],"collection":[{"href":"https:\/\/www.ernstbrunn-apotheke.at\/katalog\/wp-json\/wp\/v2\/product"}],"about":[{"href":"https:\/\/www.ernstbrunn-apotheke.at\/katalog\/wp-json\/wp\/v2\/types\/product"}],"wp:featuredmedia":[{"embeddable":true,"href":"https:\/\/www.ernstbrunn-apotheke.at\/katalog\/wp-json\/wp\/v2\/media\/85889"}],"wp:attachment":[{"href":"https:\/\/www.ernstbrunn-apotheke.at\/katalog\/wp-json\/wp\/v2\/media?parent=85887"}],"wp:term":[{"taxonomy":"product_brand","embeddable":true,"href":"https:\/\/www.ernstbrunn-apotheke.at\/katalog\/wp-json\/wp\/v2\/product_brand?post=85887"},{"taxonomy":"product_cat","embeddable":true,"href":"https:\/\/www.ernstbrunn-apotheke.at\/katalog\/wp-json\/wp\/v2\/product_cat?post=85887"},{"taxonomy":"product_tag","embeddable":true,"href":"https:\/\/www.ernstbrunn-apotheke.at\/katalog\/wp-json\/wp\/v2\/product_tag?post=85887"}],"curies":[{"name":"wp","href":"https:\/\/api.w.org\/{rel}","templated":true}]}}