{"id":85869,"date":"2025-11-12T01:45:33","date_gmt":"2025-11-12T00:45:33","guid":{"rendered":"https:\/\/www.ernstbrunn-apotheke.at\/katalog\/produkt\/futuro-custom-dial-knie-spange-1-stk\/"},"modified":"2025-12-08T19:50:44","modified_gmt":"2025-12-08T18:50:44","slug":"futuro-custom-dial-knie-spange-1-stk","status":"publish","type":"product","link":"https:\/\/www.ernstbrunn-apotheke.at\/katalog\/produkt\/futuro-custom-dial-knie-spange-1-stk\/","title":{"rendered":"Futuro Custom Dial Knie Spange 1 Stk."},"content":{"rendered":"<p>Futuro Custom Dial Knie Spange hilft mit jedem Klick bei der Patellaf\u00fchrung, Sehnenentz\u00fcndungen oder dem Springerknie. Durch Drehen des Einstellrads k\u00f6nnen Sie den Druck auf die schmerzhafte Stelle jederzeit stufenlos ver\u00e4ndern. F\u00fcr optimalen Tragekomfort und beste Wirkung.<\/p>\n","protected":false},"excerpt":{"rendered":"<p>Futuro Custom Dial Knie Spange hilft mit jedem Klick bei der Patellaf\u00fchrung, Sehnenentz\u00fcndungen oder dem Springerknie. Durch Drehen des Einstellrads k\u00f6nnen Sie den Druck auf die schmerzhafte Stelle jederzeit stufenlos ver\u00e4ndern. F\u00fcr optimalen Tragekomfort und beste Wirkung.<\/p>\n","protected":false},"featured_media":85871,"template":"","meta":{"_acf_changed":false},"product_brand":[413],"product_cat":[809],"product_tag":[],"class_list":{"0":"post-85869","1":"product","2":"type-product","3":"status-publish","4":"has-post-thumbnail","6":"product_brand-futuro","7":"product_cat-f","8":"pa_packungsgroesse-1-stueck","10":"first","11":"instock","12":"shipping-taxable","13":"purchasable","14":"product-type-simple"},"acf":[],"_links":{"self":[{"href":"https:\/\/www.ernstbrunn-apotheke.at\/katalog\/wp-json\/wp\/v2\/product\/85869","targetHints":{"allow":["GET"]}}],"collection":[{"href":"https:\/\/www.ernstbrunn-apotheke.at\/katalog\/wp-json\/wp\/v2\/product"}],"about":[{"href":"https:\/\/www.ernstbrunn-apotheke.at\/katalog\/wp-json\/wp\/v2\/types\/product"}],"wp:featuredmedia":[{"embeddable":true,"href":"https:\/\/www.ernstbrunn-apotheke.at\/katalog\/wp-json\/wp\/v2\/media\/85871"}],"wp:attachment":[{"href":"https:\/\/www.ernstbrunn-apotheke.at\/katalog\/wp-json\/wp\/v2\/media?parent=85869"}],"wp:term":[{"taxonomy":"product_brand","embeddable":true,"href":"https:\/\/www.ernstbrunn-apotheke.at\/katalog\/wp-json\/wp\/v2\/product_brand?post=85869"},{"taxonomy":"product_cat","embeddable":true,"href":"https:\/\/www.ernstbrunn-apotheke.at\/katalog\/wp-json\/wp\/v2\/product_cat?post=85869"},{"taxonomy":"product_tag","embeddable":true,"href":"https:\/\/www.ernstbrunn-apotheke.at\/katalog\/wp-json\/wp\/v2\/product_tag?post=85869"}],"curies":[{"name":"wp","href":"https:\/\/api.w.org\/{rel}","templated":true}]}}