{"id":85866,"date":"2025-11-12T01:45:33","date_gmt":"2025-11-12T00:45:33","guid":{"rendered":"https:\/\/www.ernstbrunn-apotheke.at\/katalog\/produkt\/gall-pharma-guarana-500mg-kapseln\/"},"modified":"2025-12-08T19:50:42","modified_gmt":"2025-12-08T18:50:42","slug":"gall-pharma-guarana-500mg-kapseln","status":"publish","type":"product","link":"https:\/\/www.ernstbrunn-apotheke.at\/katalog\/produkt\/gall-pharma-guarana-500mg-kapseln\/","title":{"rendered":"Gall Pharma Guarana 500mg Kapseln"},"content":{"rendered":"<p>Guarana 500 mg GPH Kapseln enthalten ein Guarana Extrakt, das einen hohen Coffeingehalt hat und die anregende, muntermachende und stimulierende Wirkung \u00fcber Stunden gleichm\u00e4\u00dfig und angenehm erh\u00e4lt. Guarana hilft bei Kopfschmerzen, Nervosit\u00e4t, Ermattung durch Wetterwechsel sowie Ersch\u00f6pfung und reduziert negative Stresswirkung und verleiht Ausdauer (Sport). Es ist ein Anregungsmittel f\u00fcr die Gehirnfunktion und unterst\u00fctzt die Konzentrationsf\u00e4higkeit. Dieses Produkt erhalten Sie in den Packungsgr\u00f6\u00dfen 180 und 360 St\u00fcck.<\/p>\n","protected":false},"excerpt":{"rendered":"<p>Guarana 500 mg GPH Kapseln enthalten ein Guarana Extrakt, das einen hohen Coffeingehalt hat und die anregende, muntermachende und stimulierende Wirkung \u00fcber Stunden gleichm\u00e4\u00dfig und angenehm erh\u00e4lt. Guarana hilft bei Kopfschmerzen, Nervosit\u00e4t, Ermattung durch Wetterwechsel sowie Ersch\u00f6pfung und reduziert negative Stresswirkung und verleiht Ausdauer (Sport). Es ist ein Anregungsmittel f\u00fcr die Gehirnfunktion und unterst\u00fctzt die [&hellip;]<\/p>\n","protected":false},"featured_media":85868,"template":"","meta":{"_acf_changed":false},"product_brand":[371],"product_cat":[810],"product_tag":[],"class_list":{"0":"post-85866","1":"product","2":"type-product","3":"status-publish","4":"has-post-thumbnail","6":"product_brand-gall-pharma","7":"product_cat-g","8":"pa_packungsgroesse-180-stueck","9":"pa_packungsgroesse-360-stueck","11":"first","12":"instock","13":"shipping-taxable","14":"purchasable","15":"product-type-simple"},"acf":[],"_links":{"self":[{"href":"https:\/\/www.ernstbrunn-apotheke.at\/katalog\/wp-json\/wp\/v2\/product\/85866","targetHints":{"allow":["GET"]}}],"collection":[{"href":"https:\/\/www.ernstbrunn-apotheke.at\/katalog\/wp-json\/wp\/v2\/product"}],"about":[{"href":"https:\/\/www.ernstbrunn-apotheke.at\/katalog\/wp-json\/wp\/v2\/types\/product"}],"wp:featuredmedia":[{"embeddable":true,"href":"https:\/\/www.ernstbrunn-apotheke.at\/katalog\/wp-json\/wp\/v2\/media\/85868"}],"wp:attachment":[{"href":"https:\/\/www.ernstbrunn-apotheke.at\/katalog\/wp-json\/wp\/v2\/media?parent=85866"}],"wp:term":[{"taxonomy":"product_brand","embeddable":true,"href":"https:\/\/www.ernstbrunn-apotheke.at\/katalog\/wp-json\/wp\/v2\/product_brand?post=85866"},{"taxonomy":"product_cat","embeddable":true,"href":"https:\/\/www.ernstbrunn-apotheke.at\/katalog\/wp-json\/wp\/v2\/product_cat?post=85866"},{"taxonomy":"product_tag","embeddable":true,"href":"https:\/\/www.ernstbrunn-apotheke.at\/katalog\/wp-json\/wp\/v2\/product_tag?post=85866"}],"curies":[{"name":"wp","href":"https:\/\/api.w.org\/{rel}","templated":true}]}}