{"id":85825,"date":"2025-11-12T01:44:53","date_gmt":"2025-11-12T00:44:53","guid":{"rendered":"https:\/\/www.ernstbrunn-apotheke.at\/katalog\/produkt\/helfe-rosmarin-oelbad\/"},"modified":"2025-12-08T19:50:31","modified_gmt":"2025-12-08T18:50:31","slug":"helfe-rosmarin-oelbad","status":"publish","type":"product","link":"https:\/\/www.ernstbrunn-apotheke.at\/katalog\/produkt\/helfe-rosmarin-oelbad\/","title":{"rendered":"Helfe Rosmarin \u00d6lbad"},"content":{"rendered":"<p>Das HELFE Rosmarin\u00f6lbad ist durch seine Kombination hochwertiger, r\u00fcckfettender pflanzlicher \u00d6le und f\u00fcr die Haut besonders wertvoller, pflegender Lecithine ideal f\u00fcr trockene Haut geeignet. Die Rosmarinaromen beleben und erfrischen K\u00f6rper und Geist.<\/p>\n<p>&#13;<\/p>\n<p><strong>Wirkung:<\/strong><\/p>\n<p>&#13;<\/p>\n<ul>&#13;<\/p>\n<li>Belebend<\/li>\n<p>&#13;<\/p>\n<li>Erfrischend<\/li>\n<p>&#13;<\/p>\n<li>Revitalisierend<\/li>\n<p>&#13;\n<\/ul>\n","protected":false},"excerpt":{"rendered":"<p>Das HELFE Rosmarin\u00f6lbad ist durch seine Kombination hochwertiger, r\u00fcckfettender pflanzlicher \u00d6le und f\u00fcr die Haut besonders wertvoller, pflegender Lecithine ideal f\u00fcr trockene Haut geeignet. Die Rosmarinaromen beleben und erfrischen K\u00f6rper und Geist. &#13; Wirkung: &#13; &#13; Belebend &#13; Erfrischend &#13; Revitalisierend &#13;<\/p>\n","protected":false},"featured_media":85827,"template":"","meta":{"_acf_changed":false},"product_brand":[655],"product_cat":[805],"product_tag":[],"class_list":{"0":"post-85825","1":"product","2":"type-product","3":"status-publish","4":"has-post-thumbnail","6":"product_brand-helfe","7":"product_cat-h","8":"pa_packungsgroesse-1l","9":"pa_packungsgroesse-200ml","11":"first","12":"instock","13":"shipping-taxable","14":"purchasable","15":"product-type-simple"},"acf":[],"_links":{"self":[{"href":"https:\/\/www.ernstbrunn-apotheke.at\/katalog\/wp-json\/wp\/v2\/product\/85825","targetHints":{"allow":["GET"]}}],"collection":[{"href":"https:\/\/www.ernstbrunn-apotheke.at\/katalog\/wp-json\/wp\/v2\/product"}],"about":[{"href":"https:\/\/www.ernstbrunn-apotheke.at\/katalog\/wp-json\/wp\/v2\/types\/product"}],"wp:featuredmedia":[{"embeddable":true,"href":"https:\/\/www.ernstbrunn-apotheke.at\/katalog\/wp-json\/wp\/v2\/media\/85827"}],"wp:attachment":[{"href":"https:\/\/www.ernstbrunn-apotheke.at\/katalog\/wp-json\/wp\/v2\/media?parent=85825"}],"wp:term":[{"taxonomy":"product_brand","embeddable":true,"href":"https:\/\/www.ernstbrunn-apotheke.at\/katalog\/wp-json\/wp\/v2\/product_brand?post=85825"},{"taxonomy":"product_cat","embeddable":true,"href":"https:\/\/www.ernstbrunn-apotheke.at\/katalog\/wp-json\/wp\/v2\/product_cat?post=85825"},{"taxonomy":"product_tag","embeddable":true,"href":"https:\/\/www.ernstbrunn-apotheke.at\/katalog\/wp-json\/wp\/v2\/product_tag?post=85825"}],"curies":[{"name":"wp","href":"https:\/\/api.w.org\/{rel}","templated":true}]}}