{"id":85815,"date":"2025-11-12T01:44:27","date_gmt":"2025-11-12T00:44:27","guid":{"rendered":"https:\/\/www.ernstbrunn-apotheke.at\/katalog\/produkt\/carnitin-kapseln-33333-mg-90-stk\/"},"modified":"2025-12-08T19:50:24","modified_gmt":"2025-12-08T18:50:24","slug":"carnitin-kapseln-33333-mg-90-stk","status":"publish","type":"product","link":"https:\/\/www.ernstbrunn-apotheke.at\/katalog\/produkt\/carnitin-kapseln-33333-mg-90-stk\/","title":{"rendered":"Carnitin Kapseln 333,33 mg 90 Stk."},"content":{"rendered":"<p>Carnitin Kapseln enthalten Carnitin, was vor allem in Fleisch vorkommt. Milch und Milchprodukte sowie pflanzliche Nahrugsmittel enthalten dagegen nur wenig Carnitin. Carnitin ist wasserl\u00f6slich und wird \u00fcber die Niere mit dem Urin ausgeschieden, wobei vorher 95 % des Carnitins wieder r\u00fcckresorbiert werden<\/p>\n","protected":false},"excerpt":{"rendered":"<p>Carnitin Kapseln enthalten Carnitin, was vor allem in Fleisch vorkommt. Milch und Milchprodukte sowie pflanzliche Nahrugsmittel enthalten dagegen nur wenig Carnitin. Carnitin ist wasserl\u00f6slich und wird \u00fcber die Niere mit dem Urin ausgeschieden, wobei vorher 95 % des Carnitins wieder r\u00fcckresorbiert werden<\/p>\n","protected":false},"featured_media":0,"template":"","meta":{"_acf_changed":false},"product_brand":[],"product_cat":[812],"product_tag":[],"class_list":{"0":"post-85815","1":"product","2":"type-product","3":"status-publish","5":"product_cat-c","6":"pa_packungsgroesse-90-stueck","8":"first","9":"instock","10":"shipping-taxable","11":"purchasable","12":"product-type-simple"},"acf":[],"_links":{"self":[{"href":"https:\/\/www.ernstbrunn-apotheke.at\/katalog\/wp-json\/wp\/v2\/product\/85815","targetHints":{"allow":["GET"]}}],"collection":[{"href":"https:\/\/www.ernstbrunn-apotheke.at\/katalog\/wp-json\/wp\/v2\/product"}],"about":[{"href":"https:\/\/www.ernstbrunn-apotheke.at\/katalog\/wp-json\/wp\/v2\/types\/product"}],"wp:attachment":[{"href":"https:\/\/www.ernstbrunn-apotheke.at\/katalog\/wp-json\/wp\/v2\/media?parent=85815"}],"wp:term":[{"taxonomy":"product_brand","embeddable":true,"href":"https:\/\/www.ernstbrunn-apotheke.at\/katalog\/wp-json\/wp\/v2\/product_brand?post=85815"},{"taxonomy":"product_cat","embeddable":true,"href":"https:\/\/www.ernstbrunn-apotheke.at\/katalog\/wp-json\/wp\/v2\/product_cat?post=85815"},{"taxonomy":"product_tag","embeddable":true,"href":"https:\/\/www.ernstbrunn-apotheke.at\/katalog\/wp-json\/wp\/v2\/product_tag?post=85815"}],"curies":[{"name":"wp","href":"https:\/\/api.w.org\/{rel}","templated":true}]}}