{"id":85779,"date":"2025-11-12T01:43:46","date_gmt":"2025-11-12T00:43:46","guid":{"rendered":"https:\/\/www.ernstbrunn-apotheke.at\/katalog\/produkt\/espara-alchemistische-essenz-salbei-compositum-30-ml\/"},"modified":"2025-12-08T19:50:13","modified_gmt":"2025-12-08T18:50:13","slug":"espara-alchemistische-essenz-salbei-compositum-30-ml","status":"publish","type":"product","link":"https:\/\/www.ernstbrunn-apotheke.at\/katalog\/produkt\/espara-alchemistische-essenz-salbei-compositum-30-ml\/","title":{"rendered":"Espara Alchemistische Essenz Salbei Compositum 30 ml"},"content":{"rendered":"<p>Espara Alchemistische Essenz Salbei Compositum ist ein Nahrungserg\u00e4nzungsmittel mit Destillaten von Salbei, Gundelrebe, Zwiebel, Lungenkraut und K\u00e4sepappel. Salbei gilt als wertvolles Mittel f\u00fcr die Atemwege. Hergestellt nach einem speziellen, auf Paracelsus zur\u00fcckgehenden Verfahren.<\/p>\n","protected":false},"excerpt":{"rendered":"<p>Espara Alchemistische Essenz Salbei Compositum ist ein Nahrungserg\u00e4nzungsmittel mit Destillaten von Salbei, Gundelrebe, Zwiebel, Lungenkraut und K\u00e4sepappel. Salbei gilt als wertvolles Mittel f\u00fcr die Atemwege. Hergestellt nach einem speziellen, auf Paracelsus zur\u00fcckgehenden Verfahren.<\/p>\n","protected":false},"featured_media":85781,"template":"","meta":{"_acf_changed":false},"product_brand":[383],"product_cat":[794],"product_tag":[],"class_list":{"0":"post-85779","1":"product","2":"type-product","3":"status-publish","4":"has-post-thumbnail","6":"product_brand-espara","7":"product_cat-e","8":"pa_packungsgroesse-30ml","10":"first","11":"instock","12":"shipping-taxable","13":"purchasable","14":"product-type-simple"},"acf":[],"_links":{"self":[{"href":"https:\/\/www.ernstbrunn-apotheke.at\/katalog\/wp-json\/wp\/v2\/product\/85779","targetHints":{"allow":["GET"]}}],"collection":[{"href":"https:\/\/www.ernstbrunn-apotheke.at\/katalog\/wp-json\/wp\/v2\/product"}],"about":[{"href":"https:\/\/www.ernstbrunn-apotheke.at\/katalog\/wp-json\/wp\/v2\/types\/product"}],"wp:featuredmedia":[{"embeddable":true,"href":"https:\/\/www.ernstbrunn-apotheke.at\/katalog\/wp-json\/wp\/v2\/media\/85781"}],"wp:attachment":[{"href":"https:\/\/www.ernstbrunn-apotheke.at\/katalog\/wp-json\/wp\/v2\/media?parent=85779"}],"wp:term":[{"taxonomy":"product_brand","embeddable":true,"href":"https:\/\/www.ernstbrunn-apotheke.at\/katalog\/wp-json\/wp\/v2\/product_brand?post=85779"},{"taxonomy":"product_cat","embeddable":true,"href":"https:\/\/www.ernstbrunn-apotheke.at\/katalog\/wp-json\/wp\/v2\/product_cat?post=85779"},{"taxonomy":"product_tag","embeddable":true,"href":"https:\/\/www.ernstbrunn-apotheke.at\/katalog\/wp-json\/wp\/v2\/product_tag?post=85779"}],"curies":[{"name":"wp","href":"https:\/\/api.w.org\/{rel}","templated":true}]}}