{"id":85740,"date":"2025-11-12T01:43:02","date_gmt":"2025-11-12T00:43:02","guid":{"rendered":"https:\/\/www.ernstbrunn-apotheke.at\/katalog\/produkt\/rausch-herzsamen-sensitive-spuelung-30-ml\/"},"modified":"2025-12-08T19:50:02","modified_gmt":"2025-12-08T18:50:02","slug":"rausch-herzsamen-sensitive-spuelung-30-ml","status":"publish","type":"product","link":"https:\/\/www.ernstbrunn-apotheke.at\/katalog\/produkt\/rausch-herzsamen-sensitive-spuelung-30-ml\/","title":{"rendered":"Rausch Herzsamen Sensitive Sp\u00fclung 30 ml"},"content":{"rendered":"<p>Rausch\u00ae Herzsamen Sensitive Sp\u00fclung sorgt f\u00fcr die optimale Balance der hochsensiblen Kopfhaut und st\u00e4rkt die hauteigene Schutzbarriere. Wirkt reizmildernd, beruhigend und feuchtigkeitsspendend.<\/p>\n","protected":false},"excerpt":{"rendered":"<p>Rausch\u00ae Herzsamen Sensitive Sp\u00fclung sorgt f\u00fcr die optimale Balance der hochsensiblen Kopfhaut und st\u00e4rkt die hauteigene Schutzbarriere. Wirkt reizmildernd, beruhigend und feuchtigkeitsspendend.<\/p>\n","protected":false},"featured_media":85742,"template":"","meta":{"_acf_changed":false},"product_brand":[648],"product_cat":[808],"product_tag":[],"class_list":{"0":"post-85740","1":"product","2":"type-product","3":"status-publish","4":"has-post-thumbnail","6":"product_brand-rausch","7":"product_cat-r","8":"pa_packungsgroesse-30ml","10":"first","11":"instock","12":"shipping-taxable","13":"purchasable","14":"product-type-simple"},"acf":[],"_links":{"self":[{"href":"https:\/\/www.ernstbrunn-apotheke.at\/katalog\/wp-json\/wp\/v2\/product\/85740","targetHints":{"allow":["GET"]}}],"collection":[{"href":"https:\/\/www.ernstbrunn-apotheke.at\/katalog\/wp-json\/wp\/v2\/product"}],"about":[{"href":"https:\/\/www.ernstbrunn-apotheke.at\/katalog\/wp-json\/wp\/v2\/types\/product"}],"wp:featuredmedia":[{"embeddable":true,"href":"https:\/\/www.ernstbrunn-apotheke.at\/katalog\/wp-json\/wp\/v2\/media\/85742"}],"wp:attachment":[{"href":"https:\/\/www.ernstbrunn-apotheke.at\/katalog\/wp-json\/wp\/v2\/media?parent=85740"}],"wp:term":[{"taxonomy":"product_brand","embeddable":true,"href":"https:\/\/www.ernstbrunn-apotheke.at\/katalog\/wp-json\/wp\/v2\/product_brand?post=85740"},{"taxonomy":"product_cat","embeddable":true,"href":"https:\/\/www.ernstbrunn-apotheke.at\/katalog\/wp-json\/wp\/v2\/product_cat?post=85740"},{"taxonomy":"product_tag","embeddable":true,"href":"https:\/\/www.ernstbrunn-apotheke.at\/katalog\/wp-json\/wp\/v2\/product_tag?post=85740"}],"curies":[{"name":"wp","href":"https:\/\/api.w.org\/{rel}","templated":true}]}}