{"id":8571,"date":"2025-11-18T13:44:41","date_gmt":"2025-11-18T12:44:41","guid":{"rendered":"https:\/\/www.ernstbrunn-apotheke.at\/katalog\/produkt\/norflo-tabletten-30-stk\/"},"modified":"2025-12-08T13:25:54","modified_gmt":"2025-12-08T12:25:54","slug":"norflo-tabletten-30-stk","status":"publish","type":"product","link":"https:\/\/www.ernstbrunn-apotheke.at\/katalog\/produkt\/norflo-tabletten-30-stk\/","title":{"rendered":"Norflo Tabletten 30 Stk."},"content":{"rendered":"<p>NorFlo reduziert signifikant R\u00fcckf\u00e4lle und Schmerzsymptome bei Augenentz\u00fcndungen und erreicht selbst weniger durchblutete Augengewebe. NorFlo ist die nat\u00fcrliche Erg\u00e4nzung herk\u00f6mmlicher therapeutischer Ma\u00dfnahmen zur Behandlung aller chronischen oder rezidivierenden Entz\u00fcndungsformen. Klinische Studien haben den Effekt am Auge (UVEITIS) nachgewiesen.<\/p>\n","protected":false},"excerpt":{"rendered":"<p>NorFlo reduziert signifikant R\u00fcckf\u00e4lle und Schmerzsymptome bei Augenentz\u00fcndungen und erreicht selbst weniger durchblutete Augengewebe. NorFlo ist die nat\u00fcrliche Erg\u00e4nzung herk\u00f6mmlicher therapeutischer Ma\u00dfnahmen zur Behandlung aller chronischen oder rezidivierenden Entz\u00fcndungsformen. Klinische Studien haben den Effekt am Auge (UVEITIS) nachgewiesen.<\/p>\n","protected":false},"featured_media":8573,"template":"","meta":{"_acf_changed":false},"product_brand":[],"product_cat":[1574,797],"product_tag":[],"class_list":{"0":"post-8571","1":"product","2":"type-product","3":"status-publish","4":"has-post-thumbnail","6":"product_cat-aktionen","7":"product_cat-n","8":"pa_packungsgroesse-30-stueck","10":"first","11":"instock","12":"featured","13":"shipping-taxable","14":"purchasable","15":"product-type-simple"},"acf":[],"_links":{"self":[{"href":"https:\/\/www.ernstbrunn-apotheke.at\/katalog\/wp-json\/wp\/v2\/product\/8571","targetHints":{"allow":["GET"]}}],"collection":[{"href":"https:\/\/www.ernstbrunn-apotheke.at\/katalog\/wp-json\/wp\/v2\/product"}],"about":[{"href":"https:\/\/www.ernstbrunn-apotheke.at\/katalog\/wp-json\/wp\/v2\/types\/product"}],"wp:featuredmedia":[{"embeddable":true,"href":"https:\/\/www.ernstbrunn-apotheke.at\/katalog\/wp-json\/wp\/v2\/media\/8573"}],"wp:attachment":[{"href":"https:\/\/www.ernstbrunn-apotheke.at\/katalog\/wp-json\/wp\/v2\/media?parent=8571"}],"wp:term":[{"taxonomy":"product_brand","embeddable":true,"href":"https:\/\/www.ernstbrunn-apotheke.at\/katalog\/wp-json\/wp\/v2\/product_brand?post=8571"},{"taxonomy":"product_cat","embeddable":true,"href":"https:\/\/www.ernstbrunn-apotheke.at\/katalog\/wp-json\/wp\/v2\/product_cat?post=8571"},{"taxonomy":"product_tag","embeddable":true,"href":"https:\/\/www.ernstbrunn-apotheke.at\/katalog\/wp-json\/wp\/v2\/product_tag?post=8571"}],"curies":[{"name":"wp","href":"https:\/\/api.w.org\/{rel}","templated":true}]}}