{"id":85669,"date":"2025-11-12T01:41:45","date_gmt":"2025-11-12T00:41:45","guid":{"rendered":"https:\/\/www.ernstbrunn-apotheke.at\/katalog\/produkt\/henna-plus-colour-mousse-75-ml-mahagony\/"},"modified":"2025-12-08T19:49:31","modified_gmt":"2025-12-08T18:49:31","slug":"henna-plus-colour-mousse-75-ml-mahagony","status":"publish","type":"product","link":"https:\/\/www.ernstbrunn-apotheke.at\/katalog\/produkt\/henna-plus-colour-mousse-75-ml-mahagony\/","title":{"rendered":"Henna Plus Colour Mousse 75 ml Mahagony"},"content":{"rendered":"<p>Henna Plus Colour Mousse ist ideal zur Auffrischung oder zum Beleben Ihrer nat\u00fcrlichen oder gef\u00e4rbten Haarfarbe mit gleichzeitiger Festigung. Die neue Haarfarbe bleibt l\u00e4nger frisch, gl\u00e4nzend und intensiv. Auch geeignet, um erste graue Haare oder den Haaransatz zu kaschieren. Dieses Produkt erhalten Sie in den Farben Goldblond, Hazelnut, Mahagony, Auburn, Brown und Black.<\/p>\n","protected":false},"excerpt":{"rendered":"<p>Henna Plus Colour Mousse ist ideal zur Auffrischung oder zum Beleben Ihrer nat\u00fcrlichen oder gef\u00e4rbten Haarfarbe mit gleichzeitiger Festigung. Die neue Haarfarbe bleibt l\u00e4nger frisch, gl\u00e4nzend und intensiv. Auch geeignet, um erste graue Haare oder den Haaransatz zu kaschieren. Dieses Produkt erhalten Sie in den Farben Goldblond, Hazelnut, Mahagony, Auburn, Brown und Black.<\/p>\n","protected":false},"featured_media":0,"template":"","meta":{"_acf_changed":false},"product_brand":[],"product_cat":[805],"product_tag":[],"class_list":{"0":"post-85669","1":"product","2":"type-product","3":"status-publish","5":"product_cat-h","6":"pa_packungsgroesse-75ml","8":"first","9":"instock","10":"shipping-taxable","11":"purchasable","12":"product-type-simple"},"acf":[],"_links":{"self":[{"href":"https:\/\/www.ernstbrunn-apotheke.at\/katalog\/wp-json\/wp\/v2\/product\/85669","targetHints":{"allow":["GET"]}}],"collection":[{"href":"https:\/\/www.ernstbrunn-apotheke.at\/katalog\/wp-json\/wp\/v2\/product"}],"about":[{"href":"https:\/\/www.ernstbrunn-apotheke.at\/katalog\/wp-json\/wp\/v2\/types\/product"}],"wp:attachment":[{"href":"https:\/\/www.ernstbrunn-apotheke.at\/katalog\/wp-json\/wp\/v2\/media?parent=85669"}],"wp:term":[{"taxonomy":"product_brand","embeddable":true,"href":"https:\/\/www.ernstbrunn-apotheke.at\/katalog\/wp-json\/wp\/v2\/product_brand?post=85669"},{"taxonomy":"product_cat","embeddable":true,"href":"https:\/\/www.ernstbrunn-apotheke.at\/katalog\/wp-json\/wp\/v2\/product_cat?post=85669"},{"taxonomy":"product_tag","embeddable":true,"href":"https:\/\/www.ernstbrunn-apotheke.at\/katalog\/wp-json\/wp\/v2\/product_tag?post=85669"}],"curies":[{"name":"wp","href":"https:\/\/api.w.org\/{rel}","templated":true}]}}