{"id":85626,"date":"2025-11-12T01:40:44","date_gmt":"2025-11-12T00:40:44","guid":{"rendered":"https:\/\/www.ernstbrunn-apotheke.at\/katalog\/produkt\/l-erbolario-shampoo-200-ml-schuppen-propolis\/"},"modified":"2025-12-08T19:49:16","modified_gmt":"2025-12-08T18:49:16","slug":"l-erbolario-shampoo-200-ml-schuppen-propolis","status":"publish","type":"product","link":"https:\/\/www.ernstbrunn-apotheke.at\/katalog\/produkt\/l-erbolario-shampoo-200-ml-schuppen-propolis\/","title":{"rendered":"L Erbolario Shampoo 200 ml Schuppen + Propolis"},"content":{"rendered":"<p>L&#8217;Erbolario Shampoo ist f\u00fcr seine reparierenden und st\u00e4rkenden Eigenschaften bekannt. Das Shampoo wirkt auf die Haare auf nat\u00fcrliche und schonende Weise.<\/p>\n","protected":false},"excerpt":{"rendered":"<p>L&#8217;Erbolario Shampoo ist f\u00fcr seine reparierenden und st\u00e4rkenden Eigenschaften bekannt. Das Shampoo wirkt auf die Haare auf nat\u00fcrliche und schonende Weise.<\/p>\n","protected":false},"featured_media":85628,"template":"","meta":{"_acf_changed":false},"product_brand":[725],"product_cat":[795],"product_tag":[],"class_list":{"0":"post-85626","1":"product","2":"type-product","3":"status-publish","4":"has-post-thumbnail","6":"product_brand-lerbolario","7":"product_cat-l","8":"pa_packungsgroesse-200ml","10":"first","11":"instock","12":"shipping-taxable","13":"purchasable","14":"product-type-simple"},"acf":[],"_links":{"self":[{"href":"https:\/\/www.ernstbrunn-apotheke.at\/katalog\/wp-json\/wp\/v2\/product\/85626","targetHints":{"allow":["GET"]}}],"collection":[{"href":"https:\/\/www.ernstbrunn-apotheke.at\/katalog\/wp-json\/wp\/v2\/product"}],"about":[{"href":"https:\/\/www.ernstbrunn-apotheke.at\/katalog\/wp-json\/wp\/v2\/types\/product"}],"wp:featuredmedia":[{"embeddable":true,"href":"https:\/\/www.ernstbrunn-apotheke.at\/katalog\/wp-json\/wp\/v2\/media\/85628"}],"wp:attachment":[{"href":"https:\/\/www.ernstbrunn-apotheke.at\/katalog\/wp-json\/wp\/v2\/media?parent=85626"}],"wp:term":[{"taxonomy":"product_brand","embeddable":true,"href":"https:\/\/www.ernstbrunn-apotheke.at\/katalog\/wp-json\/wp\/v2\/product_brand?post=85626"},{"taxonomy":"product_cat","embeddable":true,"href":"https:\/\/www.ernstbrunn-apotheke.at\/katalog\/wp-json\/wp\/v2\/product_cat?post=85626"},{"taxonomy":"product_tag","embeddable":true,"href":"https:\/\/www.ernstbrunn-apotheke.at\/katalog\/wp-json\/wp\/v2\/product_tag?post=85626"}],"curies":[{"name":"wp","href":"https:\/\/api.w.org\/{rel}","templated":true}]}}