{"id":85595,"date":"2025-11-12T01:39:49","date_gmt":"2025-11-12T00:39:49","guid":{"rendered":"https:\/\/www.ernstbrunn-apotheke.at\/katalog\/produkt\/casida-retinol-serum-ideale-anti-age-pflege-fuer-die-haut-30ml\/"},"modified":"2025-12-08T19:49:05","modified_gmt":"2025-12-08T18:49:05","slug":"casida-retinol-serum-ideale-anti-age-pflege-fuer-die-haut-30ml","status":"publish","type":"product","link":"https:\/\/www.ernstbrunn-apotheke.at\/katalog\/produkt\/casida-retinol-serum-ideale-anti-age-pflege-fuer-die-haut-30ml\/","title":{"rendered":"Casida RETINOL SERUM ideale Anti &#8211; Age &#8211; Pflege f\u00fcr die Haut &#8211; 30ml"},"content":{"rendered":"<p>Hochdosiertes Retinol Anti-Aging Serum f\u00fcr Gesicht und Dekollet\u00e9! Retinol sch\u00f6n und gut, perfekt wird unser Serum jedoch erst durch die Kombination mit Hyalurons\u00e4ure.  Die beiden Inhaltstoffe unterst\u00fctzen deine Haut bei Straffung und Kollagenproduktion und sorgen f\u00fcr ein zartes Erscheinungsbild &#8211; jetzt bestellen und Ihre Haut ideal pflegen!<\/p>\n","protected":false},"excerpt":{"rendered":"<p>Hochdosiertes Retinol Anti-Aging Serum f\u00fcr Gesicht und Dekollet\u00e9! Retinol sch\u00f6n und gut, perfekt wird unser Serum jedoch erst durch die Kombination mit Hyalurons\u00e4ure. Die beiden Inhaltstoffe unterst\u00fctzen deine Haut bei Straffung und Kollagenproduktion und sorgen f\u00fcr ein zartes Erscheinungsbild &#8211; jetzt bestellen und Ihre Haut ideal pflegen!<\/p>\n","protected":false},"featured_media":85597,"template":"","meta":{"_acf_changed":false},"product_brand":[],"product_cat":[812],"product_tag":[],"class_list":{"0":"post-85595","1":"product","2":"type-product","3":"status-publish","4":"has-post-thumbnail","6":"product_cat-c","7":"pa_packungsgroesse-30ml","9":"first","10":"instock","11":"shipping-taxable","12":"purchasable","13":"product-type-simple"},"acf":[],"_links":{"self":[{"href":"https:\/\/www.ernstbrunn-apotheke.at\/katalog\/wp-json\/wp\/v2\/product\/85595","targetHints":{"allow":["GET"]}}],"collection":[{"href":"https:\/\/www.ernstbrunn-apotheke.at\/katalog\/wp-json\/wp\/v2\/product"}],"about":[{"href":"https:\/\/www.ernstbrunn-apotheke.at\/katalog\/wp-json\/wp\/v2\/types\/product"}],"wp:featuredmedia":[{"embeddable":true,"href":"https:\/\/www.ernstbrunn-apotheke.at\/katalog\/wp-json\/wp\/v2\/media\/85597"}],"wp:attachment":[{"href":"https:\/\/www.ernstbrunn-apotheke.at\/katalog\/wp-json\/wp\/v2\/media?parent=85595"}],"wp:term":[{"taxonomy":"product_brand","embeddable":true,"href":"https:\/\/www.ernstbrunn-apotheke.at\/katalog\/wp-json\/wp\/v2\/product_brand?post=85595"},{"taxonomy":"product_cat","embeddable":true,"href":"https:\/\/www.ernstbrunn-apotheke.at\/katalog\/wp-json\/wp\/v2\/product_cat?post=85595"},{"taxonomy":"product_tag","embeddable":true,"href":"https:\/\/www.ernstbrunn-apotheke.at\/katalog\/wp-json\/wp\/v2\/product_tag?post=85595"}],"curies":[{"name":"wp","href":"https:\/\/api.w.org\/{rel}","templated":true}]}}