{"id":85573,"date":"2025-11-12T01:39:32","date_gmt":"2025-11-12T00:39:32","guid":{"rendered":"https:\/\/www.ernstbrunn-apotheke.at\/katalog\/produkt\/hipp-sondennahrung-mit-kuerbis-karotte-12-stk\/"},"modified":"2025-12-08T19:48:58","modified_gmt":"2025-12-08T18:48:58","slug":"hipp-sondennahrung-mit-kuerbis-karotte-12-stk","status":"publish","type":"product","link":"https:\/\/www.ernstbrunn-apotheke.at\/katalog\/produkt\/hipp-sondennahrung-mit-kuerbis-karotte-12-stk\/","title":{"rendered":"Hipp Sondennahrung mit K\u00fcrbis &#038; Karotte 12 Stk."},"content":{"rendered":"<p>Die Hipp Sondennahrung ist eine hochkalorische und ballaststoffreiche Nahrung, die auf nat\u00fcrlichen Lebensmitteln basiert und mit zus\u00e4tzlichen Vitaminen, Mineral- und Ballaststoffen angereichert ist. Sie dient zur di\u00e4tetischen Behandlung von Patienten mit eingeschr\u00e4nkter oder fehlender F\u00e4higkeit zur ausreichenden Nahrungsaufnahme und kann sowohl \u00fcber eine Sonde verabreicht, als auch getrunken werden. Geeignet f\u00fcr Erwachsene und Kinder ab 13 Jahren &#8211; jetzt online mit 100% Sicherheit durch Kauf auf Rechnung bestellen!<\/p>\n","protected":false},"excerpt":{"rendered":"<p>Die Hipp Sondennahrung ist eine hochkalorische und ballaststoffreiche Nahrung, die auf nat\u00fcrlichen Lebensmitteln basiert und mit zus\u00e4tzlichen Vitaminen, Mineral- und Ballaststoffen angereichert ist. Sie dient zur di\u00e4tetischen Behandlung von Patienten mit eingeschr\u00e4nkter oder fehlender F\u00e4higkeit zur ausreichenden Nahrungsaufnahme und kann sowohl \u00fcber eine Sonde verabreicht, als auch getrunken werden. Geeignet f\u00fcr Erwachsene und Kinder ab [&hellip;]<\/p>\n","protected":false},"featured_media":85575,"template":"","meta":{"_acf_changed":false},"product_brand":[],"product_cat":[805],"product_tag":[],"class_list":{"0":"post-85573","1":"product","2":"type-product","3":"status-publish","4":"has-post-thumbnail","6":"product_cat-h","7":"pa_packungsgroesse-12-stueck","9":"first","10":"instock","11":"shipping-taxable","12":"purchasable","13":"product-type-simple"},"acf":[],"_links":{"self":[{"href":"https:\/\/www.ernstbrunn-apotheke.at\/katalog\/wp-json\/wp\/v2\/product\/85573","targetHints":{"allow":["GET"]}}],"collection":[{"href":"https:\/\/www.ernstbrunn-apotheke.at\/katalog\/wp-json\/wp\/v2\/product"}],"about":[{"href":"https:\/\/www.ernstbrunn-apotheke.at\/katalog\/wp-json\/wp\/v2\/types\/product"}],"wp:featuredmedia":[{"embeddable":true,"href":"https:\/\/www.ernstbrunn-apotheke.at\/katalog\/wp-json\/wp\/v2\/media\/85575"}],"wp:attachment":[{"href":"https:\/\/www.ernstbrunn-apotheke.at\/katalog\/wp-json\/wp\/v2\/media?parent=85573"}],"wp:term":[{"taxonomy":"product_brand","embeddable":true,"href":"https:\/\/www.ernstbrunn-apotheke.at\/katalog\/wp-json\/wp\/v2\/product_brand?post=85573"},{"taxonomy":"product_cat","embeddable":true,"href":"https:\/\/www.ernstbrunn-apotheke.at\/katalog\/wp-json\/wp\/v2\/product_cat?post=85573"},{"taxonomy":"product_tag","embeddable":true,"href":"https:\/\/www.ernstbrunn-apotheke.at\/katalog\/wp-json\/wp\/v2\/product_tag?post=85573"}],"curies":[{"name":"wp","href":"https:\/\/api.w.org\/{rel}","templated":true}]}}