{"id":85564,"date":"2025-11-12T01:39:32","date_gmt":"2025-11-12T00:39:32","guid":{"rendered":"https:\/\/www.ernstbrunn-apotheke.at\/katalog\/produkt\/sanoll-shampoo-hanf-200-ml\/"},"modified":"2025-12-08T19:48:53","modified_gmt":"2025-12-08T18:48:53","slug":"sanoll-shampoo-hanf-200-ml","status":"publish","type":"product","link":"https:\/\/www.ernstbrunn-apotheke.at\/katalog\/produkt\/sanoll-shampoo-hanf-200-ml\/","title":{"rendered":"Sanoll Shampoo Hanf 200 ml"},"content":{"rendered":"<p>Sanoll Hanf Shampoo f\u00fcr normales, gesundes Haar. Hochwertige Pflegestoffe aus Hanf und Gammalinols\u00e4ure f\u00f6rdern Elastizit\u00e4t und Glanz. Sanfte Reinigung durch Zuckertensid.<\/p>\n","protected":false},"excerpt":{"rendered":"<p>Sanoll Hanf Shampoo f\u00fcr normales, gesundes Haar. Hochwertige Pflegestoffe aus Hanf und Gammalinols\u00e4ure f\u00f6rdern Elastizit\u00e4t und Glanz. Sanfte Reinigung durch Zuckertensid.<\/p>\n","protected":false},"featured_media":85566,"template":"","meta":{"_acf_changed":false},"product_brand":[],"product_cat":[791],"product_tag":[],"class_list":{"0":"post-85564","1":"product","2":"type-product","3":"status-publish","4":"has-post-thumbnail","6":"product_cat-s","7":"pa_packungsgroesse-200ml","9":"first","10":"instock","11":"shipping-taxable","12":"purchasable","13":"product-type-simple"},"acf":[],"_links":{"self":[{"href":"https:\/\/www.ernstbrunn-apotheke.at\/katalog\/wp-json\/wp\/v2\/product\/85564","targetHints":{"allow":["GET"]}}],"collection":[{"href":"https:\/\/www.ernstbrunn-apotheke.at\/katalog\/wp-json\/wp\/v2\/product"}],"about":[{"href":"https:\/\/www.ernstbrunn-apotheke.at\/katalog\/wp-json\/wp\/v2\/types\/product"}],"wp:featuredmedia":[{"embeddable":true,"href":"https:\/\/www.ernstbrunn-apotheke.at\/katalog\/wp-json\/wp\/v2\/media\/85566"}],"wp:attachment":[{"href":"https:\/\/www.ernstbrunn-apotheke.at\/katalog\/wp-json\/wp\/v2\/media?parent=85564"}],"wp:term":[{"taxonomy":"product_brand","embeddable":true,"href":"https:\/\/www.ernstbrunn-apotheke.at\/katalog\/wp-json\/wp\/v2\/product_brand?post=85564"},{"taxonomy":"product_cat","embeddable":true,"href":"https:\/\/www.ernstbrunn-apotheke.at\/katalog\/wp-json\/wp\/v2\/product_cat?post=85564"},{"taxonomy":"product_tag","embeddable":true,"href":"https:\/\/www.ernstbrunn-apotheke.at\/katalog\/wp-json\/wp\/v2\/product_tag?post=85564"}],"curies":[{"name":"wp","href":"https:\/\/api.w.org\/{rel}","templated":true}]}}