{"id":85561,"date":"2025-11-12T01:39:13","date_gmt":"2025-11-12T00:39:13","guid":{"rendered":"https:\/\/www.ernstbrunn-apotheke.at\/katalog\/produkt\/wellion-33g-lanzetten\/"},"modified":"2025-12-08T19:48:51","modified_gmt":"2025-12-08T18:48:51","slug":"wellion-33g-lanzetten","status":"publish","type":"product","link":"https:\/\/www.ernstbrunn-apotheke.at\/katalog\/produkt\/wellion-33g-lanzetten\/","title":{"rendered":"Wellion 33G Lanzetten"},"content":{"rendered":"<p>Die moderne 33G Lanzette f\u00fcr die besonders schonende Blutgewinnung. Ausgestattet mit einer Schutzkappe und dem perfekten Schliff f\u00fcr eine m\u00f6glichst schmerzarme Blutentnahme.<\/p>\n<p>Besonders d\u00fcnn und daher sehr gut f\u00fcr Kinder und Menschen mit empfindlicher Haut geeignet.<\/p>\n<p>F\u00fcr alle Stechhilfen, mit Ausnahme der Accu-Chek Softclix und Securject Pro Stechhilfe.<\/p>\n<p>Wellion &#8211; Ihre \u00d6sterreichische Diabetesmarke<\/p>\n","protected":false},"excerpt":{"rendered":"<p>Die moderne 33G Lanzette f\u00fcr die besonders schonende Blutgewinnung. Ausgestattet mit einer Schutzkappe und dem perfekten Schliff f\u00fcr eine m\u00f6glichst schmerzarme Blutentnahme. Besonders d\u00fcnn und daher sehr gut f\u00fcr Kinder und Menschen mit empfindlicher Haut geeignet. F\u00fcr alle Stechhilfen, mit Ausnahme der Accu-Chek Softclix und Securject Pro Stechhilfe. Wellion &#8211; Ihre \u00d6sterreichische Diabetesmarke<\/p>\n","protected":false},"featured_media":85563,"template":"","meta":{"_acf_changed":false},"product_brand":[437],"product_cat":[796],"product_tag":[],"class_list":{"0":"post-85561","1":"product","2":"type-product","3":"status-publish","4":"has-post-thumbnail","6":"product_brand-wellion","7":"product_cat-w","8":"pa_packungsgroesse-100-stueck","9":"pa_packungsgroesse-200-stueck","11":"first","12":"instock","13":"shipping-taxable","14":"purchasable","15":"product-type-simple"},"acf":[],"_links":{"self":[{"href":"https:\/\/www.ernstbrunn-apotheke.at\/katalog\/wp-json\/wp\/v2\/product\/85561","targetHints":{"allow":["GET"]}}],"collection":[{"href":"https:\/\/www.ernstbrunn-apotheke.at\/katalog\/wp-json\/wp\/v2\/product"}],"about":[{"href":"https:\/\/www.ernstbrunn-apotheke.at\/katalog\/wp-json\/wp\/v2\/types\/product"}],"wp:featuredmedia":[{"embeddable":true,"href":"https:\/\/www.ernstbrunn-apotheke.at\/katalog\/wp-json\/wp\/v2\/media\/85563"}],"wp:attachment":[{"href":"https:\/\/www.ernstbrunn-apotheke.at\/katalog\/wp-json\/wp\/v2\/media?parent=85561"}],"wp:term":[{"taxonomy":"product_brand","embeddable":true,"href":"https:\/\/www.ernstbrunn-apotheke.at\/katalog\/wp-json\/wp\/v2\/product_brand?post=85561"},{"taxonomy":"product_cat","embeddable":true,"href":"https:\/\/www.ernstbrunn-apotheke.at\/katalog\/wp-json\/wp\/v2\/product_cat?post=85561"},{"taxonomy":"product_tag","embeddable":true,"href":"https:\/\/www.ernstbrunn-apotheke.at\/katalog\/wp-json\/wp\/v2\/product_tag?post=85561"}],"curies":[{"name":"wp","href":"https:\/\/api.w.org\/{rel}","templated":true}]}}