{"id":85483,"date":"2025-11-12T01:37:49","date_gmt":"2025-11-12T00:37:49","guid":{"rendered":"https:\/\/www.ernstbrunn-apotheke.at\/katalog\/produkt\/bios-weissdorn-120-mg-kapseln\/"},"modified":"2025-12-08T19:48:15","modified_gmt":"2025-12-08T18:48:15","slug":"bios-weissdorn-120-mg-kapseln","status":"publish","type":"product","link":"https:\/\/www.ernstbrunn-apotheke.at\/katalog\/produkt\/bios-weissdorn-120-mg-kapseln\/","title":{"rendered":"Bios Wei\u00dfdorn 120 mg Kapseln"},"content":{"rendered":"<p>Bios Wei\u00dfdorn 120 mg Kapseln enthalten 120 mg Wei\u00dfdornextrakt aus Bl\u00e4ttern und Bl\u00fcten in einer Hartgelatinekapsel. Der Wei\u00dfdorn w\u00e4chst als Strauch oder Baum mit hartem Holz, wird zwei bis acht Meter hoch und ist wegen seiner wei\u00dfen Bl\u00fctenpracht beliebt.<\/p>\n","protected":false},"excerpt":{"rendered":"<p>Bios Wei\u00dfdorn 120 mg Kapseln enthalten 120 mg Wei\u00dfdornextrakt aus Bl\u00e4ttern und Bl\u00fcten in einer Hartgelatinekapsel. Der Wei\u00dfdorn w\u00e4chst als Strauch oder Baum mit hartem Holz, wird zwei bis acht Meter hoch und ist wegen seiner wei\u00dfen Bl\u00fctenpracht beliebt.<\/p>\n","protected":false},"featured_media":85485,"template":"","meta":{"_acf_changed":false},"product_brand":[],"product_cat":[802],"product_tag":[],"class_list":{"0":"post-85483","1":"product","2":"type-product","3":"status-publish","4":"has-post-thumbnail","6":"product_cat-b","7":"pa_packungsgroesse-100-stueck","9":"first","10":"instock","11":"shipping-taxable","12":"purchasable","13":"product-type-simple"},"acf":[],"_links":{"self":[{"href":"https:\/\/www.ernstbrunn-apotheke.at\/katalog\/wp-json\/wp\/v2\/product\/85483","targetHints":{"allow":["GET"]}}],"collection":[{"href":"https:\/\/www.ernstbrunn-apotheke.at\/katalog\/wp-json\/wp\/v2\/product"}],"about":[{"href":"https:\/\/www.ernstbrunn-apotheke.at\/katalog\/wp-json\/wp\/v2\/types\/product"}],"wp:featuredmedia":[{"embeddable":true,"href":"https:\/\/www.ernstbrunn-apotheke.at\/katalog\/wp-json\/wp\/v2\/media\/85485"}],"wp:attachment":[{"href":"https:\/\/www.ernstbrunn-apotheke.at\/katalog\/wp-json\/wp\/v2\/media?parent=85483"}],"wp:term":[{"taxonomy":"product_brand","embeddable":true,"href":"https:\/\/www.ernstbrunn-apotheke.at\/katalog\/wp-json\/wp\/v2\/product_brand?post=85483"},{"taxonomy":"product_cat","embeddable":true,"href":"https:\/\/www.ernstbrunn-apotheke.at\/katalog\/wp-json\/wp\/v2\/product_cat?post=85483"},{"taxonomy":"product_tag","embeddable":true,"href":"https:\/\/www.ernstbrunn-apotheke.at\/katalog\/wp-json\/wp\/v2\/product_tag?post=85483"}],"curies":[{"name":"wp","href":"https:\/\/api.w.org\/{rel}","templated":true}]}}