{"id":85465,"date":"2025-11-12T01:37:36","date_gmt":"2025-11-12T00:37:36","guid":{"rendered":"https:\/\/www.ernstbrunn-apotheke.at\/katalog\/produkt\/adler-bachblueten-hornbeam-tropfen-10-ml\/"},"modified":"2025-12-08T19:48:09","modified_gmt":"2025-12-08T18:48:09","slug":"adler-bachblueten-hornbeam-tropfen-10-ml","status":"publish","type":"product","link":"https:\/\/www.ernstbrunn-apotheke.at\/katalog\/produkt\/adler-bachblueten-hornbeam-tropfen-10-ml\/","title":{"rendered":"Adler Bachbl\u00fcten Hornbeam Tropfen 10 ml"},"content":{"rendered":"<p>Adler Bachbl\u00fcten Hornbeam Tropfen 10 ml sind Teil der &#8222;Zweiten Neunzehn&#8220; Bachbl\u00fctenessenzen, die mit Gem\u00fctszust\u00e4nden verwandt sind und sich auf allt\u00e4gliche Situationen beziehen. Hornbeam Tropfen eignen sich f\u00fcr Menschen, denen die Anforderungen ihres t\u00e4glichen Lebens oder bestimmte Aufgaben zu schwer erscheinen und k\u00f6nnen bei Versagens\u00e4ngsten, chronischen \u00dcberforderungsgef\u00fchlen, grundlosem Pessimismus, Frustrationen sowie bei &#8222;Morgenfrust&#8220; und dem sogenannten &#8222;Montagstief&#8220; unterst\u00fctzend wirken.<\/p>\n","protected":false},"excerpt":{"rendered":"<p>Adler Bachbl\u00fcten Hornbeam Tropfen 10 ml sind Teil der &#8222;Zweiten Neunzehn&#8220; Bachbl\u00fctenessenzen, die mit Gem\u00fctszust\u00e4nden verwandt sind und sich auf allt\u00e4gliche Situationen beziehen. Hornbeam Tropfen eignen sich f\u00fcr Menschen, denen die Anforderungen ihres t\u00e4glichen Lebens oder bestimmte Aufgaben zu schwer erscheinen und k\u00f6nnen bei Versagens\u00e4ngsten, chronischen \u00dcberforderungsgef\u00fchlen, grundlosem Pessimismus, Frustrationen sowie bei &#8222;Morgenfrust&#8220; und dem [&hellip;]<\/p>\n","protected":false},"featured_media":85467,"template":"","meta":{"_acf_changed":false},"product_brand":[928],"product_cat":[801],"product_tag":[],"class_list":{"0":"post-85465","1":"product","2":"type-product","3":"status-publish","4":"has-post-thumbnail","6":"product_brand-adler-pharma","7":"product_cat-a","8":"pa_packungsgroesse-10ml","10":"first","11":"instock","12":"shipping-taxable","13":"purchasable","14":"product-type-simple"},"acf":[],"_links":{"self":[{"href":"https:\/\/www.ernstbrunn-apotheke.at\/katalog\/wp-json\/wp\/v2\/product\/85465","targetHints":{"allow":["GET"]}}],"collection":[{"href":"https:\/\/www.ernstbrunn-apotheke.at\/katalog\/wp-json\/wp\/v2\/product"}],"about":[{"href":"https:\/\/www.ernstbrunn-apotheke.at\/katalog\/wp-json\/wp\/v2\/types\/product"}],"wp:featuredmedia":[{"embeddable":true,"href":"https:\/\/www.ernstbrunn-apotheke.at\/katalog\/wp-json\/wp\/v2\/media\/85467"}],"wp:attachment":[{"href":"https:\/\/www.ernstbrunn-apotheke.at\/katalog\/wp-json\/wp\/v2\/media?parent=85465"}],"wp:term":[{"taxonomy":"product_brand","embeddable":true,"href":"https:\/\/www.ernstbrunn-apotheke.at\/katalog\/wp-json\/wp\/v2\/product_brand?post=85465"},{"taxonomy":"product_cat","embeddable":true,"href":"https:\/\/www.ernstbrunn-apotheke.at\/katalog\/wp-json\/wp\/v2\/product_cat?post=85465"},{"taxonomy":"product_tag","embeddable":true,"href":"https:\/\/www.ernstbrunn-apotheke.at\/katalog\/wp-json\/wp\/v2\/product_tag?post=85465"}],"curies":[{"name":"wp","href":"https:\/\/api.w.org\/{rel}","templated":true}]}}