{"id":85443,"date":"2025-11-12T01:37:13","date_gmt":"2025-11-12T00:37:13","guid":{"rendered":"https:\/\/www.ernstbrunn-apotheke.at\/katalog\/produkt\/melasan-magnesium-komplex-610-mg-kapseln-180-stk\/"},"modified":"2025-12-08T19:47:59","modified_gmt":"2025-12-08T18:47:59","slug":"melasan-magnesium-komplex-610-mg-kapseln-180-stk","status":"publish","type":"product","link":"https:\/\/www.ernstbrunn-apotheke.at\/katalog\/produkt\/melasan-magnesium-komplex-610-mg-kapseln-180-stk\/","title":{"rendered":"Melasan Magnesium Komplex 610 mg Kapseln 180 Stk."},"content":{"rendered":"<p>Melasan Magnesium Komplex 610 mg Kapseln 180 Stk. sichern bei erh\u00f6htem Bedarf die Magnesiumversorgung konstant und zuverl\u00e4ssig. Magnesium ist als Aktivator an nahezu allen Enzymreaktionen des Kohlenhydrat- und Eiwei\u00dfstoffwechsels beteiligt. Die Kombination organischer und anorganischer Magnesiumverbindungen erh\u00f6ht die Bioverf\u00fcgbarkeit als auch die Verweildauer des Magnesiums im Organismus.Dieses Produkt erhalten Sie in den Packungsgr\u00f6\u00dfen 60 Stk. und 180 Stk..<\/p>\n","protected":false},"excerpt":{"rendered":"<p>Melasan Magnesium Komplex 610 mg Kapseln 180 Stk. sichern bei erh\u00f6htem Bedarf die Magnesiumversorgung konstant und zuverl\u00e4ssig. Magnesium ist als Aktivator an nahezu allen Enzymreaktionen des Kohlenhydrat- und Eiwei\u00dfstoffwechsels beteiligt. Die Kombination organischer und anorganischer Magnesiumverbindungen erh\u00f6ht die Bioverf\u00fcgbarkeit als auch die Verweildauer des Magnesiums im Organismus.Dieses Produkt erhalten Sie in den Packungsgr\u00f6\u00dfen 60 Stk. [&hellip;]<\/p>\n","protected":false},"featured_media":85445,"template":"","meta":{"_acf_changed":false},"product_brand":[],"product_cat":[800],"product_tag":[],"class_list":{"0":"post-85443","1":"product","2":"type-product","3":"status-publish","4":"has-post-thumbnail","6":"product_cat-m","7":"pa_packungsgroesse-180-stueck","9":"first","10":"instock","11":"shipping-taxable","12":"purchasable","13":"product-type-simple"},"acf":[],"_links":{"self":[{"href":"https:\/\/www.ernstbrunn-apotheke.at\/katalog\/wp-json\/wp\/v2\/product\/85443","targetHints":{"allow":["GET"]}}],"collection":[{"href":"https:\/\/www.ernstbrunn-apotheke.at\/katalog\/wp-json\/wp\/v2\/product"}],"about":[{"href":"https:\/\/www.ernstbrunn-apotheke.at\/katalog\/wp-json\/wp\/v2\/types\/product"}],"wp:featuredmedia":[{"embeddable":true,"href":"https:\/\/www.ernstbrunn-apotheke.at\/katalog\/wp-json\/wp\/v2\/media\/85445"}],"wp:attachment":[{"href":"https:\/\/www.ernstbrunn-apotheke.at\/katalog\/wp-json\/wp\/v2\/media?parent=85443"}],"wp:term":[{"taxonomy":"product_brand","embeddable":true,"href":"https:\/\/www.ernstbrunn-apotheke.at\/katalog\/wp-json\/wp\/v2\/product_brand?post=85443"},{"taxonomy":"product_cat","embeddable":true,"href":"https:\/\/www.ernstbrunn-apotheke.at\/katalog\/wp-json\/wp\/v2\/product_cat?post=85443"},{"taxonomy":"product_tag","embeddable":true,"href":"https:\/\/www.ernstbrunn-apotheke.at\/katalog\/wp-json\/wp\/v2\/product_tag?post=85443"}],"curies":[{"name":"wp","href":"https:\/\/api.w.org\/{rel}","templated":true}]}}