{"id":85394,"date":"2025-11-12T01:36:21","date_gmt":"2025-11-12T00:36:21","guid":{"rendered":"https:\/\/www.ernstbrunn-apotheke.at\/katalog\/produkt\/ren-moroccan-rose-koerperpeeling-330-ml\/"},"modified":"2025-12-08T19:47:33","modified_gmt":"2025-12-08T18:47:33","slug":"ren-moroccan-rose-koerperpeeling-330-ml","status":"publish","type":"product","link":"https:\/\/www.ernstbrunn-apotheke.at\/katalog\/produkt\/ren-moroccan-rose-koerperpeeling-330-ml\/","title":{"rendered":"Ren Moroccan Rose K\u00f6rperpeeling 330 ml"},"content":{"rendered":"<p>Ren Moroccan Rose K\u00f6rperpeeling ist ein Peeling, das den K\u00f6rper mit Hilfe von Granulaten aus Rohrzucker sanft exfoliert. Marokkanisches Rosen\u00f6l macht die Haut seidig glatt und verleiht ihr dar\u00fcber hinaus Energie und einen zarten Rosenduft.<\/p>\n","protected":false},"excerpt":{"rendered":"<p>Ren Moroccan Rose K\u00f6rperpeeling ist ein Peeling, das den K\u00f6rper mit Hilfe von Granulaten aus Rohrzucker sanft exfoliert. Marokkanisches Rosen\u00f6l macht die Haut seidig glatt und verleiht ihr dar\u00fcber hinaus Energie und einen zarten Rosenduft.<\/p>\n","protected":false},"featured_media":0,"template":"","meta":{"_acf_changed":false},"product_brand":[],"product_cat":[808],"product_tag":[],"class_list":{"0":"post-85394","1":"product","2":"type-product","3":"status-publish","5":"product_cat-r","6":"pa_packungsgroesse-330ml","8":"first","9":"instock","10":"shipping-taxable","11":"purchasable","12":"product-type-simple"},"acf":[],"_links":{"self":[{"href":"https:\/\/www.ernstbrunn-apotheke.at\/katalog\/wp-json\/wp\/v2\/product\/85394","targetHints":{"allow":["GET"]}}],"collection":[{"href":"https:\/\/www.ernstbrunn-apotheke.at\/katalog\/wp-json\/wp\/v2\/product"}],"about":[{"href":"https:\/\/www.ernstbrunn-apotheke.at\/katalog\/wp-json\/wp\/v2\/types\/product"}],"wp:attachment":[{"href":"https:\/\/www.ernstbrunn-apotheke.at\/katalog\/wp-json\/wp\/v2\/media?parent=85394"}],"wp:term":[{"taxonomy":"product_brand","embeddable":true,"href":"https:\/\/www.ernstbrunn-apotheke.at\/katalog\/wp-json\/wp\/v2\/product_brand?post=85394"},{"taxonomy":"product_cat","embeddable":true,"href":"https:\/\/www.ernstbrunn-apotheke.at\/katalog\/wp-json\/wp\/v2\/product_cat?post=85394"},{"taxonomy":"product_tag","embeddable":true,"href":"https:\/\/www.ernstbrunn-apotheke.at\/katalog\/wp-json\/wp\/v2\/product_tag?post=85394"}],"curies":[{"name":"wp","href":"https:\/\/api.w.org\/{rel}","templated":true}]}}