{"id":85390,"date":"2025-11-12T01:35:49","date_gmt":"2025-11-12T00:35:49","guid":{"rendered":"https:\/\/www.ernstbrunn-apotheke.at\/katalog\/produkt\/collagen-hydrolysat-hyaluronsaeure-kapseln-3\/"},"modified":"2025-12-08T19:47:31","modified_gmt":"2025-12-08T18:47:31","slug":"collagen-hydrolysat-hyaluronsaeure-kapseln-3","status":"publish","type":"product","link":"https:\/\/www.ernstbrunn-apotheke.at\/katalog\/produkt\/collagen-hydrolysat-hyaluronsaeure-kapseln-3\/","title":{"rendered":"Collagen Hydrolysat &#8211; Hyalurons\u00e4ure Kapseln"},"content":{"rendered":"<p>Collagen Hydrolysat-Hyalurons\u00e4ure GPH Kapseln enthalten eine Kombination aus Collagen Hydrolysat und Hyalurons\u00e4ure. Diese unterst\u00fctzt die Gesunderhaltung und Beweglichkeit der Gelenke sowie die Regeneration des Hautbildes. Sowohl Hyalurons\u00e4ure als auch Collagen sorgen durch ihre Eigenschaft als guter Feuchtigkeitsspender f\u00fcr ein frisches Hautbild und sch\u00fctzen die Gelenke durch einen gleit- und sto\u00dfd\u00e4mpfenden Schutzfilm.<\/p>\n","protected":false},"excerpt":{"rendered":"<p>Collagen Hydrolysat-Hyalurons\u00e4ure GPH Kapseln enthalten eine Kombination aus Collagen Hydrolysat und Hyalurons\u00e4ure. Diese unterst\u00fctzt die Gesunderhaltung und Beweglichkeit der Gelenke sowie die Regeneration des Hautbildes. Sowohl Hyalurons\u00e4ure als auch Collagen sorgen durch ihre Eigenschaft als guter Feuchtigkeitsspender f\u00fcr ein frisches Hautbild und sch\u00fctzen die Gelenke durch einen gleit- und sto\u00dfd\u00e4mpfenden Schutzfilm.<\/p>\n","protected":false},"featured_media":85392,"template":"","meta":{"_acf_changed":false},"product_brand":[371],"product_cat":[812],"product_tag":[],"class_list":{"0":"post-85390","1":"product","2":"type-product","3":"status-publish","4":"has-post-thumbnail","6":"product_brand-gall-pharma","7":"product_cat-c","8":"pa_packungsgroesse-180-stueck","10":"first","11":"instock","12":"shipping-taxable","13":"purchasable","14":"product-type-simple"},"acf":[],"_links":{"self":[{"href":"https:\/\/www.ernstbrunn-apotheke.at\/katalog\/wp-json\/wp\/v2\/product\/85390","targetHints":{"allow":["GET"]}}],"collection":[{"href":"https:\/\/www.ernstbrunn-apotheke.at\/katalog\/wp-json\/wp\/v2\/product"}],"about":[{"href":"https:\/\/www.ernstbrunn-apotheke.at\/katalog\/wp-json\/wp\/v2\/types\/product"}],"wp:featuredmedia":[{"embeddable":true,"href":"https:\/\/www.ernstbrunn-apotheke.at\/katalog\/wp-json\/wp\/v2\/media\/85392"}],"wp:attachment":[{"href":"https:\/\/www.ernstbrunn-apotheke.at\/katalog\/wp-json\/wp\/v2\/media?parent=85390"}],"wp:term":[{"taxonomy":"product_brand","embeddable":true,"href":"https:\/\/www.ernstbrunn-apotheke.at\/katalog\/wp-json\/wp\/v2\/product_brand?post=85390"},{"taxonomy":"product_cat","embeddable":true,"href":"https:\/\/www.ernstbrunn-apotheke.at\/katalog\/wp-json\/wp\/v2\/product_cat?post=85390"},{"taxonomy":"product_tag","embeddable":true,"href":"https:\/\/www.ernstbrunn-apotheke.at\/katalog\/wp-json\/wp\/v2\/product_tag?post=85390"}],"curies":[{"name":"wp","href":"https:\/\/api.w.org\/{rel}","templated":true}]}}