{"id":85355,"date":"2025-11-12T01:34:52","date_gmt":"2025-11-12T00:34:52","guid":{"rendered":"https:\/\/www.ernstbrunn-apotheke.at\/katalog\/produkt\/coenzym-q10-kapseln-200mg-3\/"},"modified":"2025-12-08T19:47:16","modified_gmt":"2025-12-08T18:47:16","slug":"coenzym-q10-kapseln-200mg-3","status":"publish","type":"product","link":"https:\/\/www.ernstbrunn-apotheke.at\/katalog\/produkt\/coenzym-q10-kapseln-200mg-3\/","title":{"rendered":"Coenzym Q10 Kapseln 200mg"},"content":{"rendered":"<p>Coenzym Q-10 ist nicht nur ein unentbehrlicher Energielieferant, sondern \u00fcbernimmt auch wichtige Schutzfunktionen f\u00fcr den menschlichen K\u00f6rper.<\/p>\n","protected":false},"excerpt":{"rendered":"<p>Coenzym Q-10 ist nicht nur ein unentbehrlicher Energielieferant, sondern \u00fcbernimmt auch wichtige Schutzfunktionen f\u00fcr den menschlichen K\u00f6rper.<\/p>\n","protected":false},"featured_media":85357,"template":"","meta":{"_acf_changed":false},"product_brand":[371],"product_cat":[812],"product_tag":[],"class_list":{"0":"post-85355","1":"product","2":"type-product","3":"status-publish","4":"has-post-thumbnail","6":"product_brand-gall-pharma","7":"product_cat-c","8":"pa_packungsgroesse-120-stueck","10":"first","11":"instock","12":"shipping-taxable","13":"purchasable","14":"product-type-simple"},"acf":[],"_links":{"self":[{"href":"https:\/\/www.ernstbrunn-apotheke.at\/katalog\/wp-json\/wp\/v2\/product\/85355","targetHints":{"allow":["GET"]}}],"collection":[{"href":"https:\/\/www.ernstbrunn-apotheke.at\/katalog\/wp-json\/wp\/v2\/product"}],"about":[{"href":"https:\/\/www.ernstbrunn-apotheke.at\/katalog\/wp-json\/wp\/v2\/types\/product"}],"wp:featuredmedia":[{"embeddable":true,"href":"https:\/\/www.ernstbrunn-apotheke.at\/katalog\/wp-json\/wp\/v2\/media\/85357"}],"wp:attachment":[{"href":"https:\/\/www.ernstbrunn-apotheke.at\/katalog\/wp-json\/wp\/v2\/media?parent=85355"}],"wp:term":[{"taxonomy":"product_brand","embeddable":true,"href":"https:\/\/www.ernstbrunn-apotheke.at\/katalog\/wp-json\/wp\/v2\/product_brand?post=85355"},{"taxonomy":"product_cat","embeddable":true,"href":"https:\/\/www.ernstbrunn-apotheke.at\/katalog\/wp-json\/wp\/v2\/product_cat?post=85355"},{"taxonomy":"product_tag","embeddable":true,"href":"https:\/\/www.ernstbrunn-apotheke.at\/katalog\/wp-json\/wp\/v2\/product_tag?post=85355"}],"curies":[{"name":"wp","href":"https:\/\/api.w.org\/{rel}","templated":true}]}}