{"id":85238,"date":"2025-11-12T01:33:00","date_gmt":"2025-11-12T00:33:00","guid":{"rendered":"https:\/\/www.ernstbrunn-apotheke.at\/katalog\/produkt\/adler-bachblueten-agrimony-tropfen-30-ml\/"},"modified":"2025-12-08T19:46:26","modified_gmt":"2025-12-08T18:46:26","slug":"adler-bachblueten-agrimony-tropfen-30-ml","status":"publish","type":"product","link":"https:\/\/www.ernstbrunn-apotheke.at\/katalog\/produkt\/adler-bachblueten-agrimony-tropfen-30-ml\/","title":{"rendered":"Adler Bachbl\u00fcten Agrimony Tropfen 30 ml"},"content":{"rendered":"<p>Adler Bachbl\u00fcten Agrimony Tropfen 30 ml sind Teil der &#8222;Ersten Zw\u00f6lf&#8220; Bachbl\u00fcten und beschreiben, was f\u00fcr ein Typ Mensch Sie sind. Agrimony kann unterst\u00fctzend in der Suchttherapie eingesetzt werden und auch vielen Z\u00e4hneknirschern und N\u00e4gelkauern m\u00f6glicherweise helfen. Man erkennt die eigenen Probleme und ist dadurch besser in der Lage, sich ihnen zu stellen und sie zu bew\u00e4ltigen<\/p>\n","protected":false},"excerpt":{"rendered":"<p>Adler Bachbl\u00fcten Agrimony Tropfen 30 ml sind Teil der &#8222;Ersten Zw\u00f6lf&#8220; Bachbl\u00fcten und beschreiben, was f\u00fcr ein Typ Mensch Sie sind. Agrimony kann unterst\u00fctzend in der Suchttherapie eingesetzt werden und auch vielen Z\u00e4hneknirschern und N\u00e4gelkauern m\u00f6glicherweise helfen. Man erkennt die eigenen Probleme und ist dadurch besser in der Lage, sich ihnen zu stellen und sie [&hellip;]<\/p>\n","protected":false},"featured_media":85240,"template":"","meta":{"_acf_changed":false},"product_brand":[928],"product_cat":[801],"product_tag":[],"class_list":{"0":"post-85238","1":"product","2":"type-product","3":"status-publish","4":"has-post-thumbnail","6":"product_brand-adler-pharma","7":"product_cat-a","8":"pa_packungsgroesse-30ml","10":"first","11":"instock","12":"shipping-taxable","13":"purchasable","14":"product-type-simple"},"acf":[],"_links":{"self":[{"href":"https:\/\/www.ernstbrunn-apotheke.at\/katalog\/wp-json\/wp\/v2\/product\/85238","targetHints":{"allow":["GET"]}}],"collection":[{"href":"https:\/\/www.ernstbrunn-apotheke.at\/katalog\/wp-json\/wp\/v2\/product"}],"about":[{"href":"https:\/\/www.ernstbrunn-apotheke.at\/katalog\/wp-json\/wp\/v2\/types\/product"}],"wp:featuredmedia":[{"embeddable":true,"href":"https:\/\/www.ernstbrunn-apotheke.at\/katalog\/wp-json\/wp\/v2\/media\/85240"}],"wp:attachment":[{"href":"https:\/\/www.ernstbrunn-apotheke.at\/katalog\/wp-json\/wp\/v2\/media?parent=85238"}],"wp:term":[{"taxonomy":"product_brand","embeddable":true,"href":"https:\/\/www.ernstbrunn-apotheke.at\/katalog\/wp-json\/wp\/v2\/product_brand?post=85238"},{"taxonomy":"product_cat","embeddable":true,"href":"https:\/\/www.ernstbrunn-apotheke.at\/katalog\/wp-json\/wp\/v2\/product_cat?post=85238"},{"taxonomy":"product_tag","embeddable":true,"href":"https:\/\/www.ernstbrunn-apotheke.at\/katalog\/wp-json\/wp\/v2\/product_tag?post=85238"}],"curies":[{"name":"wp","href":"https:\/\/api.w.org\/{rel}","templated":true}]}}