{"id":85223,"date":"2025-11-12T01:32:51","date_gmt":"2025-11-12T00:32:51","guid":{"rendered":"https:\/\/www.ernstbrunn-apotheke.at\/katalog\/produkt\/healing-herbs-chestnut-30-ml\/"},"modified":"2025-12-08T19:46:16","modified_gmt":"2025-12-08T18:46:16","slug":"healing-herbs-chestnut-30-ml","status":"publish","type":"product","link":"https:\/\/www.ernstbrunn-apotheke.at\/katalog\/produkt\/healing-herbs-chestnut-30-ml\/","title":{"rendered":"Healing Herbs Chestnut 30 ml"},"content":{"rendered":"<p>Healing Herbs Chestnut eignet sich zur Anwendung bei allen krankhaften St\u00f6rungen, die mit Unaufmerksamkeit, Lernunf\u00e4higkeit oder krankhafter Zerstreutheit einhergehen oder davon ausgel\u00f6st wurden. So wird das Produkt im t\u00e4glichen Leben bei Unaufmerksamkeit und Zerstreutheit eingesetzt.<\/p>\n","protected":false},"excerpt":{"rendered":"<p>Healing Herbs Chestnut eignet sich zur Anwendung bei allen krankhaften St\u00f6rungen, die mit Unaufmerksamkeit, Lernunf\u00e4higkeit oder krankhafter Zerstreutheit einhergehen oder davon ausgel\u00f6st wurden. So wird das Produkt im t\u00e4glichen Leben bei Unaufmerksamkeit und Zerstreutheit eingesetzt.<\/p>\n","protected":false},"featured_media":0,"template":"","meta":{"_acf_changed":false},"product_brand":[927],"product_cat":[805],"product_tag":[],"class_list":{"0":"post-85223","1":"product","2":"type-product","3":"status-publish","5":"product_brand-healing-herbs","6":"product_cat-h","7":"pa_packungsgroesse-30ml","9":"first","10":"instock","11":"shipping-taxable","12":"purchasable","13":"product-type-simple"},"acf":[],"_links":{"self":[{"href":"https:\/\/www.ernstbrunn-apotheke.at\/katalog\/wp-json\/wp\/v2\/product\/85223","targetHints":{"allow":["GET"]}}],"collection":[{"href":"https:\/\/www.ernstbrunn-apotheke.at\/katalog\/wp-json\/wp\/v2\/product"}],"about":[{"href":"https:\/\/www.ernstbrunn-apotheke.at\/katalog\/wp-json\/wp\/v2\/types\/product"}],"wp:attachment":[{"href":"https:\/\/www.ernstbrunn-apotheke.at\/katalog\/wp-json\/wp\/v2\/media?parent=85223"}],"wp:term":[{"taxonomy":"product_brand","embeddable":true,"href":"https:\/\/www.ernstbrunn-apotheke.at\/katalog\/wp-json\/wp\/v2\/product_brand?post=85223"},{"taxonomy":"product_cat","embeddable":true,"href":"https:\/\/www.ernstbrunn-apotheke.at\/katalog\/wp-json\/wp\/v2\/product_cat?post=85223"},{"taxonomy":"product_tag","embeddable":true,"href":"https:\/\/www.ernstbrunn-apotheke.at\/katalog\/wp-json\/wp\/v2\/product_tag?post=85223"}],"curies":[{"name":"wp","href":"https:\/\/api.w.org\/{rel}","templated":true}]}}