{"id":85218,"date":"2025-11-12T01:32:41","date_gmt":"2025-11-12T00:32:41","guid":{"rendered":"https:\/\/www.ernstbrunn-apotheke.at\/katalog\/produkt\/kneipp-naturkind-seeprinzessin-schaumbad-400-ml\/"},"modified":"2025-12-08T19:46:12","modified_gmt":"2025-12-08T18:46:12","slug":"kneipp-naturkind-seeprinzessin-schaumbad-400-ml","status":"publish","type":"product","link":"https:\/\/www.ernstbrunn-apotheke.at\/katalog\/produkt\/kneipp-naturkind-seeprinzessin-schaumbad-400-ml\/","title":{"rendered":"Kneipp Naturkind Seeprinzessin Schaumbad 400 ml"},"content":{"rendered":"<p>Kneipp Naturkind Seeprinzessin Schaumbad 400 ml mit fruchtigem Himbeerduft zaubert kleinen Prinzessinnen Schaumkr\u00f6nchen herbei und entf\u00fchrt sie in eine zauberhafte M\u00e4rchenwelt. Wertvoller Calendulaextrakt pflegt zarte Kinderhaut und nat\u00fcrliches Jojoba\u00f6l sch\u00fctzt sie vor dem Austrocknen. Mit Farbe und langanhaltendem Schaum zum Entdecken und Experimentieren \u2013 so wird Baden spielerisch zu einem Erlebnis f\u00fcr die kindlichen Sinne.<\/p>\n","protected":false},"excerpt":{"rendered":"<p>Kneipp Naturkind Seeprinzessin Schaumbad 400 ml mit fruchtigem Himbeerduft zaubert kleinen Prinzessinnen Schaumkr\u00f6nchen herbei und entf\u00fchrt sie in eine zauberhafte M\u00e4rchenwelt. Wertvoller Calendulaextrakt pflegt zarte Kinderhaut und nat\u00fcrliches Jojoba\u00f6l sch\u00fctzt sie vor dem Austrocknen. Mit Farbe und langanhaltendem Schaum zum Entdecken und Experimentieren \u2013 so wird Baden spielerisch zu einem Erlebnis f\u00fcr die kindlichen Sinne.<\/p>\n","protected":false},"featured_media":85220,"template":"","meta":{"_acf_changed":false},"product_brand":[662],"product_cat":[807],"product_tag":[],"class_list":{"0":"post-85218","1":"product","2":"type-product","3":"status-publish","4":"has-post-thumbnail","6":"product_brand-kneipp","7":"product_cat-k","8":"pa_packungsgroesse-400ml","10":"first","11":"instock","12":"shipping-taxable","13":"purchasable","14":"product-type-simple"},"acf":[],"_links":{"self":[{"href":"https:\/\/www.ernstbrunn-apotheke.at\/katalog\/wp-json\/wp\/v2\/product\/85218","targetHints":{"allow":["GET"]}}],"collection":[{"href":"https:\/\/www.ernstbrunn-apotheke.at\/katalog\/wp-json\/wp\/v2\/product"}],"about":[{"href":"https:\/\/www.ernstbrunn-apotheke.at\/katalog\/wp-json\/wp\/v2\/types\/product"}],"wp:featuredmedia":[{"embeddable":true,"href":"https:\/\/www.ernstbrunn-apotheke.at\/katalog\/wp-json\/wp\/v2\/media\/85220"}],"wp:attachment":[{"href":"https:\/\/www.ernstbrunn-apotheke.at\/katalog\/wp-json\/wp\/v2\/media?parent=85218"}],"wp:term":[{"taxonomy":"product_brand","embeddable":true,"href":"https:\/\/www.ernstbrunn-apotheke.at\/katalog\/wp-json\/wp\/v2\/product_brand?post=85218"},{"taxonomy":"product_cat","embeddable":true,"href":"https:\/\/www.ernstbrunn-apotheke.at\/katalog\/wp-json\/wp\/v2\/product_cat?post=85218"},{"taxonomy":"product_tag","embeddable":true,"href":"https:\/\/www.ernstbrunn-apotheke.at\/katalog\/wp-json\/wp\/v2\/product_tag?post=85218"}],"curies":[{"name":"wp","href":"https:\/\/api.w.org\/{rel}","templated":true}]}}